
     {"id":23229,"date":"2021-09-14T06:56:10","date_gmt":"2021-09-14T04:56:10","guid":{"rendered":"https:\/\/www.britishschoolbarcelona.com\/comida-saludable\/"},"modified":"2026-03-10T11:41:47","modified_gmt":"2026-03-10T10:41:47","slug":"dieta-saludable","status":"publish","type":"page","link":"https:\/\/www.britishschoolbarcelona.com\/ca\/dieta-saludable\/","title":{"rendered":"Dieta Saludable"},"content":{"rendered":"<div class=\"wpb-content-wrapper\"><p>[vc_row][vc_column]<section  class=\"bg-video-wrap hero section hero--centertext  small-header \" style='background: url(https:\/\/www.britishschoolbarcelona.com\/wp-content\/uploads\/sites\/76\/2023\/01\/SH_1413.jpg) center ;background-size:cover ;'>\n                <div class=\"bg-overlay\" style='background:#000000;opacity:0.4;'><\/div>\n                <div class=\"overlay\" >\n                  <div class=\"container-fluid\">\n                    <div class=\"row\">\n                      <div class=\"col-md-12 col-lg-12\">\n\n                        <div class=\"caption text-start\"><div class=\"component sub-heading\" >\n                              <h1 class=\"display-h1\">Dieta Saludable<\/h1>\n                            <\/div><\/div>\n                      <\/div>\n                    <\/div>\n                  <\/div>\n                <\/div>\n              <\/section><div class='row  m-x-0 breadcrumb-wrap ' style=''><div class='container-fluid' >\n                <nav aria-label='breadcrumb'><ol class=\"breadcrumb mt-3\">\n                  <li class=\"breadcrumb-item\"><a href=\"https:\/\/www.britishschoolbarcelona.com\/ca\/\">Home<\/a><\/li>\n                  <li class=\"breadcrumb-item active\" aria-current=\"page\">Dieta Saludable<\/li>\n                <\/ol>\n              <\/nav>\n              <\/div>\n            <\/div>[\/vc_column][\/vc_row][vc_row][vc_column]\n            <div class=\"wrapper\">\n    <section  style='' class=\"section    container-width    \" ><div class=\"container-fluid\"><div class=\"row    \"><div class=\" col-lg-6 col-md-6      \" ><div class=\"component mb-1 mt-0  radius-bottom-LR \" style='px'><div class=\"sub-heading component\"><h2  class=\"h6  \">Els nostres men\u00fas s\u00f3n equilibrats i nutritius, i ens encanten!<\/h2><\/div>\n                        <div class=\"sub-heading component \">\n                        <p class=\"body-medium\">A BSB considerem que l\u2019esmorzar forma part de l\u2019experi\u00e8ncia educativa: \u00e9s el moment de gaudir d\u2019una dieta sana i equilibrada que ajudi l\u2019alumnat a mantenir la concentraci\u00f3 i energia necess\u00e0ries durant la jornada escolar. Aix\u00ed mateix, \u00e9s l\u2019oportunitat perfecta per socialitzar amb la resta d\u2019estudiants.<br \/>\n<br \/>\nOferim men\u00fas saludables i nutritius, i fomentem h\u00e0bits saludables que perduraran durant l\u2019edat adulta.<\/p>\n                        <\/div><\/div><\/div>\n                    <div class=\"col-lg-6 col-md-6    \"><div class=\"component single-img \"><div class=\"ratio ratio-16x9 callout-img halfcol--img image_overlay_6665\" style=\"background-image: url(https:\/\/www.britishschoolbarcelona.com\/wp-content\/uploads\/sites\/76\/2023\/01\/SH_7619.jpg);\"><\/div><\/div> <\/div>\n             <\/div>\n        <\/div>\n<\/section>\n            <\/div>[\/vc_column][\/vc_row][vc_row][vc_column]\n    <section  style='background-image: url(https:\/\/www.britishschoolbarcelona.com\/wp-content\/uploads\/sites\/76\/2023\/02\/Blue-pattern-test1.png);' class=\"section   section--blue    section--withBG \" ><div class=\"bg-overlay\" ><\/div><div class=\"container-fluid\"><div class=\"row\">\n                <div class=\"col-md-12 col-lg-10\">  <div class=\"component title\">\n                                        <p class=\"body-small\">NECESSITATS ALIMENT\u00c0RIES DIFERENTS<\/p>\n                                    <\/div><\/div>\n                <\/div><div class=\"row    \"><div class=\" col-lg-6 col-md-6      \" ><div class=\"component mb-1 mt-0  radius-bottom-LR \" style='px'><div class=\"sub-heading component\"><h2  class=\"h6  \">Ens adaptem a dietes especials<\/h2><\/div>\n                        <div class=\"sub-heading component \">\n                        <p class=\"body-medium\">Oferim una \u00e0mplia varietat d\u2019opcions per a les diferents necessitats aliment\u00e0ries de la nostra comunitat internacional. Tenim una varietat de men\u00fas, com vegetari\u00e0, veg\u00e0, halal, sense gluten, entre d'altres.<br \/>\n<br><br \/>\n<\/p>\n                        <\/div><\/div><div class=\"component mb-1 mt-0  radius-bottom-LR \" style='px'><div class=\"sub-heading component\"><h2  class=\"h6  \">Al\u00b7l\u00e8rgies i intoler\u00e0ncies aliment\u00e0ries<\/h2><\/div>\n                        <div class=\"sub-heading component \">\n                        <p class=\"body-medium\">Ens prenem molt seriosament les al\u00b7l\u00e8rgies i intoler\u00e0ncies aliment\u00e0ries. Treballem amb les fam\u00edlies per assegurar-nos que oferim una dieta correcta i equilibrada als \/ a les estudiants que les tenen, ja que considerem que \u00e9s important que puguin gaudir de l\u2019esmorzar amb la resta d\u2019estudiants.<\/p>\n                        <\/div><\/div><\/div>\n                    <div class=\"col-lg-6 col-md-6    \"><div class=\"component single-img \"><div class=\"ratio ratio-4x3 callout-img halfcol--img image_overlay_2393\" style=\"background-image: url(https:\/\/www.britishschoolbarcelona.com\/wp-content\/uploads\/sites\/76\/2023\/01\/SH_1237.jpg);\"><\/div><\/div> <\/div>\n             <\/div>\n        <\/div>\n<\/section>\n            <div class=\"wrapper\">\n    <section  style='' class=\"section    container-width    \" ><div class=\"container-fluid\"><div class=\"row\">\n                <div class=\"col-md-12 col-lg-10\">  <div class=\"component title\">\n                                        <p class=\"body-small\">EDUCACI\u00d3 NUTRICIONAL<\/p>\n                                    <\/div><\/div>\n                <\/div><div class=\"row    \"><div class=\" col-lg-6 col-md-6      \" ><div class=\"component mb-1 mt-0  radius-bottom-LR \" style='px'><div class=\"sub-heading component\"><h2  class=\"h6  \">Prioritzem h\u00e0bits d\u2019alimentaci\u00f3 sans i sostenibles<\/h2><\/div>\n                        <div class=\"sub-heading component \">\n                        <p class=\"body-medium\">Part de la nostra missi\u00f3 educativa consisteix a conscienciar l\u2019alumnat sobre la import\u00e0ncia de portar una vida sana i cuidar del medi ambient. Fomentem pr\u00e0ctiques d\u2019alimentaci\u00f3 sostenibles i cuinem amb ingredients de proximitat. Tamb\u00e9 encoratgem la prefer\u00e8ncia per aliments de temporada amb l\u2019objectiu de reduir el nostre impacte mediambiental.<\/p>\n                        <\/div><\/div><\/div>\n                    <div class=\"col-lg-6 col-md-6    \"><div class=\"component single-img \"><div class=\"ratio ratio-21x9 callout-img halfcol--img image_overlay_7906\" style=\"background-image: url(https:\/\/www.britishschoolbarcelona.com\/wp-content\/uploads\/sites\/76\/2023\/01\/SH_1280.jpg);\"><\/div><\/div> <\/div>\n             <\/div>\n        <\/div>\n<\/section>\n            <\/div>\n            <div class=\"wrapper\">\n    <section  style='' class=\"section    container-width pt-0   \" ><div class=\"container-fluid\"><div class=\"row    \"><div class=\" col-lg-6 col-md-6      \" ><div class=\"component link\"><div class=\"ratio ratio-16x9 callout-img halfcol--img image_overlay_1283\" style=\"background-image: url(https:\/\/www.britishschoolbarcelona.com\/wp-content\/uploads\/sites\/76\/2023\/01\/SH_1708-e1675941062839.jpg);\"><\/div><\/div><\/div>\n                    <div class=\"col-lg-6 col-md-6    \"><div class=\"component mb-1 mt-0  radius-bottom-LR \" style='px'><div class=\"sub-heading component\"><h2  class=\"h6  \">Desenvolupem la curiositat culin\u00e0ria<\/h2><\/div>\n                        <div class=\"sub-heading component \">\n                        <p class=\"body-medium\">Com a escola internacional, celebrem la diversitat cultural com a una experi\u00e8ncia enriquidora. Aix\u00f2 inclou diferents gastronomies i tradicions de tot el m\u00f3n.<br \/>\n<br \/>\nOrganitzem dies de gastronomia tem\u00e0tica on l\u2019alumnat t\u00e9 l\u2019oportunitat de provar receptes noves d\u2019altres pa\u00efsos com, per exemple, M\u00e8xic, la Xina, Alemanya, el Regne Unit o l\u2019\u00cdndia.<br \/>\n<br \/>\nEns esforcem perqu\u00e8, en acabar el curs, l\u2019alumnat hagi incorporat quelcom nou i nutritiu a la dieta.<\/p>\n                        <\/div><\/div> <\/div>\n             <\/div>\n        <\/div>\n<\/section>\n            <\/div>[\/vc_column][\/vc_row][vc_row css=&#8221;.vc_custom_1693478661160{background-image: url(https:\/\/www.britishschoolbarcelona.com\/wp-content\/uploads\/sites\/76\/2023\/03\/BSB-grey-pattern-new-light.png?id=61885) !important;background-position: center !important;background-repeat: no-repeat !important;background-size: cover !important;}&#8221;][vc_column]\n    <section  style='' class=\"section   section--white     \" ><div class=\"container-fluid\"><div class=\"row\">\n                <div class=\"col-md-12 col-lg-10\">  <div class=\"component title\">\n                                        <p class=\"body-small\">C\u00c0TERING<\/p>\n                                    <\/div><\/div>\n                <\/div><div class=\"row    \"><div class=\" col-lg-6 col-md-6      \" ><div class=\"component mb-1 mt-0  radius-bottom-LR \" style='px'><div class=\"sub-heading component\"><h2  class=\"h6  \">Saned, gastronomia escolar<\/h2><\/div>\n                        <div class=\"sub-heading component \">\n                        <p class=\"body-medium\">Saned \u00e9s l\u2019empresa prove\u00efdora de c\u00e0tering en tots els nostres campus; una companyia amb m\u00e9s de vint anys d\u2019experi\u00e8ncia en servei d\u2019\u00e0pats per a escoles. Ofereix un servei gurmet d\u2019alta qualitat enfocat a crear plats sans i nutritius cada dia.<br \/>\n<br \/>\nLa seva proposta gastron\u00f2mica es basa en incloure fruita i verdura de temporada i de proximitat, aix\u00ed com ingredients frescos de prove\u00efdors certificats i amb la millor garantia sanit\u00e0ria.<\/p>\n                        <\/div><\/div><div class=\"component link\"><a href=\"http:\/\/saned.net\/index.html\" class=\" btn btn-link\" target=\"_blank\">Descobreix m\u00e9s sobre SANED<\/a><\/div><\/div>\n                    <div class=\"col-lg-6 col-md-6    \"><div class=\"component single-img \"><div class=\"ratio ratio-16x9 callout-img halfcol--img image_overlay_3025\" style=\"background-image: url(https:\/\/www.britishschoolbarcelona.com\/wp-content\/uploads\/sites\/76\/2023\/01\/SH_1266.jpg);\"><\/div><\/div> <\/div>\n             <\/div>\n        <\/div>\n<\/section>\n    <section  style='margin-bottom:5px;' class=\"section   section--white  pt-0   \" ><div class=\"container-fluid\"><div class=\"row    \"><div class=\" col-lg-6 col-md-6      \" ><div class=\"component link\"><div class=\"ratio ratio-16x9 callout-img halfcol--img image_overlay_5902\" style=\"background-image: url(https:\/\/www.britishschoolbarcelona.com\/wp-content\/uploads\/sites\/76\/2023\/01\/SH_1660.jpg);\"><\/div><\/div><\/div>\n                    <div class=\"col-lg-6 col-md-6    \"><div class=\"component mb-1 mt-0  radius-bottom-LR \" style='px'><div class=\"sub-heading component\"><h2  class=\"h6  \">Men\u00fas mensuals<\/h2><\/div>\n                        <div class=\"sub-heading component \">\n                        <p class=\"body-medium\">Cada mes, l'equip de nutrici\u00f3 i diet\u00e8tica de SANED elabora men\u00fas variats i equilibrats. Aquests s'adapten a la varietat de necessitats diet\u00e8tiques, al\u00b7l\u00e8rgies o intoler\u00e0ncies de l'alumnat, que reben el menjar per separat, preparat per un equip amb formaci\u00f3 espec\u00edfica en la manipulaci\u00f3 de necessitats diet\u00e8tiques diverses. Tots els plats dels nostres men\u00fas s'elaboren a les cuines de l'escola.<\/p>\n                        <\/div><\/div><div class=\"component link\"><a href=\"https:\/\/www.britishschoolbarcelona.com\/wp-content\/uploads\/sites\/76\/2026\/03\/Menu-for-Early-Years-and-Primary-March-2026.pdf\" class=\" btn btn-link\" target=\"_blank\">Men\u00fa de mar\u00e7 per a Infantil i Prim\u00e0ria<\/a><\/div><div class=\"component link\"><a href=\"https:\/\/www.britishschoolbarcelona.com\/wp-content\/uploads\/sites\/76\/2026\/03\/Menu-for-Secondary-March-2026.pdf\" class=\" btn btn-link\" target=\"_blank\">Men\u00fa de mar\u00e7 per a Secund\u00e0ria<\/a><\/div><div class=\"component link\"><a href=\"https:\/\/www.britishschoolbarcelona.com\/wp-content\/uploads\/sites\/76\/2026\/03\/Menus-for-Special-Diets-March-2026.pdf\" class=\" btn btn-link\" target=\"_blank\">Men\u00fas de mar\u00e7 per a Dietes Especials<\/a><\/div> <\/div>\n             <\/div>\n        <\/div>\n<\/section>[\/vc_column][\/vc_row][vc_row][vc_column]<section class=\"section section--blue bottom-step TopBottomBorder   \" style=\"background-image: url('https:\/\/www.britishschoolbarcelona.com\/wp-content\/uploads\/sites\/76\/2023\/01\/SH_1719-e1675941239201.jpg');;;\"><style>.bottom-step.section--blue:before {background: rgba(0,0,0,0.4);}<\/style><div class=\"container-fluid\"><div class=\"row\"><div class=\"col-sm-12\"><div class=\"component title\"><p class=\"body-small\">Propers Passos<\/p><\/div><\/div><\/div><div class=\"row\"><div class=\"col-md-4\"><div class=\"component linkcard \">\n                                <a class=\"card card--bordered\" href=\"\/ca\/portes-obertes-i-visites\/\">\n                                    <div class=\"card-body d-flex align-items-center\">\n                                    <div> <div class=\"component link\">\n                                            <div  class=\"btn btn-link simple-link h5\">Portes Obertes i Visites\/<\/div>\n                                        <\/div><\/div><\/div><\/a><\/div><\/div><div class=\"col-md-4\"><div class=\"component linkcard \">\n                                <a class=\"card card--bordered\" href=\"\/ca\/excelencia-academica\/\">\n                                    <div class=\"card-body d-flex align-items-center\">\n                                    <div> <div class=\"component link\">\n                                            <div  class=\"btn btn-link simple-link h5\">Excelencia Academica<\/div>\n                                        <\/div><\/div><\/div><\/a><\/div><\/div><div class=\"col-md-4\"><div class=\"component linkcard \">\n                                <a class=\"card card--bordered\" href=\"\/ca\/installacions-i-ubicacio\/\">\n                                    <div class=\"card-body d-flex align-items-center\">\n                                    <div> <div class=\"component link\">\n                                            <div  class=\"btn btn-link simple-link h5\">Instal\u00b7lacions i Ubicacio\/<\/div>\n                                        <\/div><\/div><\/div><\/a><\/div><\/div><\/div><\/section>[\/vc_column][\/vc_row]<\/p>\n<\/div>","protected":false},"excerpt":{"rendered":"<p>[vc_row][vc_column][\/vc_column][\/vc_row][vc_row][vc_column][\/vc_column][\/vc_row][vc_row][vc_column][\/vc_column][\/vc_row][vc_row css=&#8221;.vc_custom_1693478661160{background-image: url(https:\/\/www.britishschoolbarcelona.com\/wp-content\/uploads\/sites\/76\/2023\/03\/BSB-grey-pattern-new-light.png?id=61885) !important;background-position: center !important;background-repeat: no-repeat !important;background-size: cover !important;}&#8221;][vc_column][\/vc_column][\/vc_row][vc_row][vc_column][\/vc_column][\/vc_row]<\/p>\n","protected":false},"author":390,"featured_media":0,"parent":0,"menu_order":0,"comment_status":"closed","ping_status":"closed","template":"","meta":{"_acf_changed":false,"footnotes":""},"class_list":["post-23229","page","type-page","status-publish","hentry"],"acf":[],"yoast_head":"<!-- This site is optimized with the Yoast SEO plugin v26.5 - https:\/\/yoast.com\/wordpress\/plugins\/seo\/ -->\n<title>Men\u00fa escolar saludable i equilibrat - BSB<\/title>\n<meta name=\"description\" content=\"Descobreix el nostre men\u00fa escolar nutritiu i delici\u00f3s. Al teu fill\/a li encantar\u00e0 la varietat d&#039;opcions per dinar amb una dieta sana i equilibrada.\" \/>\n<meta name=\"robots\" content=\"index, follow, max-snippet:-1, max-image-preview:large, max-video-preview:-1\" \/>\n<link rel=\"canonical\" href=\"https:\/\/www.britishschoolbarcelona.com\/ca\/dieta-saludable\/\" \/>\n<meta property=\"og:locale\" content=\"ca_ES\" \/>\n<meta property=\"og:type\" content=\"article\" \/>\n<meta property=\"og:title\" content=\"Men\u00fa escolar saludable i equilibrat - BSB\" \/>\n<meta property=\"og:description\" content=\"Descobreix el nostre men\u00fa escolar nutritiu i delici\u00f3s. Al teu fill\/a li encantar\u00e0 la varietat d&#039;opcions per dinar amb una dieta sana i equilibrada.\" \/>\n<meta property=\"og:url\" content=\"https:\/\/www.britishschoolbarcelona.com\/ca\/dieta-saludable\/\" \/>\n<meta property=\"og:site_name\" content=\"British School of Barcelona\" \/>\n<meta property=\"article:publisher\" content=\"https:\/\/www.facebook.com\/britishschoolbarcelonacastelldefels\/\" \/>\n<meta property=\"article:modified_time\" content=\"2026-03-10T10:41:47+00:00\" \/>\n<meta property=\"og:image\" content=\"https:\/\/www.britishschoolbarcelona.com\/wp-content\/uploads\/sites\/76\/2024\/06\/bsb-web-imagen-destacada.jpg\" \/>\n\t<meta property=\"og:image:width\" content=\"1200\" \/>\n\t<meta property=\"og:image:height\" content=\"675\" \/>\n\t<meta property=\"og:image:type\" content=\"image\/jpeg\" \/>\n<meta name=\"twitter:card\" content=\"summary_large_image\" \/>\n<meta name=\"twitter:site\" content=\"@BSB_Barcelona\" \/>\n<meta name=\"twitter:label1\" content=\"Est. reading time\" \/>\n\t<meta name=\"twitter:data1\" content=\"1 minute\" \/>\n<!-- \/ Yoast SEO plugin. -->","yoast_head_json":{"title":"Men\u00fa escolar saludable i equilibrat - BSB","description":"Descobreix el nostre men\u00fa escolar nutritiu i delici\u00f3s. Al teu fill\/a li encantar\u00e0 la varietat d'opcions per dinar amb una dieta sana i equilibrada.","robots":{"index":"index","follow":"follow","max-snippet":"max-snippet:-1","max-image-preview":"max-image-preview:large","max-video-preview":"max-video-preview:-1"},"canonical":"https:\/\/www.britishschoolbarcelona.com\/ca\/dieta-saludable\/","og_locale":"ca_ES","og_type":"article","og_title":"Men\u00fa escolar saludable i equilibrat - BSB","og_description":"Descobreix el nostre men\u00fa escolar nutritiu i delici\u00f3s. Al teu fill\/a li encantar\u00e0 la varietat d'opcions per dinar amb una dieta sana i equilibrada.","og_url":"https:\/\/www.britishschoolbarcelona.com\/ca\/dieta-saludable\/","og_site_name":"British School of Barcelona","article_publisher":"https:\/\/www.facebook.com\/britishschoolbarcelonacastelldefels\/","article_modified_time":"2026-03-10T10:41:47+00:00","og_image":[{"width":1200,"height":675,"url":"https:\/\/www.britishschoolbarcelona.com\/wp-content\/uploads\/sites\/76\/2024\/06\/bsb-web-imagen-destacada.jpg","type":"image\/jpeg"}],"twitter_card":"summary_large_image","twitter_site":"@BSB_Barcelona","twitter_misc":{"Est. reading time":"1 minute"},"schema":{"@context":"https:\/\/schema.org","@graph":[{"@type":"WebPage","@id":"https:\/\/www.britishschoolbarcelona.com\/ca\/dieta-saludable\/","url":"https:\/\/www.britishschoolbarcelona.com\/ca\/dieta-saludable\/","name":"Men\u00fa escolar saludable i equilibrat - BSB","isPartOf":{"@id":"https:\/\/www.britishschoolbarcelona.com\/ca\/#website"},"datePublished":"2021-09-14T04:56:10+00:00","dateModified":"2026-03-10T10:41:47+00:00","description":"Descobreix el nostre men\u00fa escolar nutritiu i delici\u00f3s. Al teu fill\/a li encantar\u00e0 la varietat d'opcions per dinar amb una dieta sana i equilibrada.","breadcrumb":{"@id":"https:\/\/www.britishschoolbarcelona.com\/ca\/dieta-saludable\/#breadcrumb"},"inLanguage":"ca","potentialAction":[{"@type":"ReadAction","target":["https:\/\/www.britishschoolbarcelona.com\/ca\/dieta-saludable\/"]}]},{"@type":"BreadcrumbList","@id":"https:\/\/www.britishschoolbarcelona.com\/ca\/dieta-saludable\/#breadcrumb","itemListElement":[{"@type":"ListItem","position":1,"name":"Home","item":"https:\/\/www.britishschoolbarcelona.com\/ca\/"},{"@type":"ListItem","position":2,"name":"Dieta Saludable"}]},{"@type":"WebSite","@id":"https:\/\/www.britishschoolbarcelona.com\/ca\/#website","url":"https:\/\/www.britishschoolbarcelona.com\/ca\/","name":"British School of Barcelona","description":"The British School of Barcelona is a private international school in Barcelona, Spain. We deliver the British curriculum &amp; IB. Visit us!","publisher":{"@id":"https:\/\/www.britishschoolbarcelona.com\/ca\/#organization"},"alternateName":"BSB","potentialAction":[{"@type":"SearchAction","target":{"@type":"EntryPoint","urlTemplate":"https:\/\/www.britishschoolbarcelona.com\/ca\/?s={search_term_string}"},"query-input":{"@type":"PropertyValueSpecification","valueRequired":true,"valueName":"search_term_string"}}],"inLanguage":"ca"},{"@type":"Organization","@id":"https:\/\/www.britishschoolbarcelona.com\/ca\/#organization","name":"The British School of Barcelona","alternateName":"BSB","url":"https:\/\/www.britishschoolbarcelona.com\/ca\/","logo":{"@type":"ImageObject","inLanguage":"ca","@id":"https:\/\/www.britishschoolbarcelona.com\/ca\/#\/schema\/logo\/image\/","url":"https:\/\/www.britishschoolbarcelona.com\/wp-content\/uploads\/sites\/76\/2023\/01\/BSB-logo.png","contentUrl":"https:\/\/www.britishschoolbarcelona.com\/wp-content\/uploads\/sites\/76\/2023\/01\/BSB-logo.png","width":1920,"height":1357,"caption":"The British School of Barcelona"},"image":{"@id":"https:\/\/www.britishschoolbarcelona.com\/ca\/#\/schema\/logo\/image\/"},"sameAs":["https:\/\/www.facebook.com\/britishschoolbarcelonacastelldefels\/","https:\/\/x.com\/BSB_Barcelona","https:\/\/www.instagram.com\/britishschoolbarcelona\/","https:\/\/www.youtube.com\/channel\/UC-Cc996mIB8CwmapwNYQKvg","https:\/\/es.linkedin.com\/school\/british-school-of-barcelona\/"]}]}},"jetpack_sharing_enabled":true,"_links":{"self":[{"href":"https:\/\/www.britishschoolbarcelona.com\/ca\/wp-json\/wp\/v2\/pages\/23229","targetHints":{"allow":["GET"]}}],"collection":[{"href":"https:\/\/www.britishschoolbarcelona.com\/ca\/wp-json\/wp\/v2\/pages"}],"about":[{"href":"https:\/\/www.britishschoolbarcelona.com\/ca\/wp-json\/wp\/v2\/types\/page"}],"author":[{"embeddable":true,"href":"https:\/\/www.britishschoolbarcelona.com\/ca\/wp-json\/wp\/v2\/users\/390"}],"replies":[{"embeddable":true,"href":"https:\/\/www.britishschoolbarcelona.com\/ca\/wp-json\/wp\/v2\/comments?post=23229"}],"version-history":[{"count":64,"href":"https:\/\/www.britishschoolbarcelona.com\/ca\/wp-json\/wp\/v2\/pages\/23229\/revisions"}],"predecessor-version":[{"id":77117,"href":"https:\/\/www.britishschoolbarcelona.com\/ca\/wp-json\/wp\/v2\/pages\/23229\/revisions\/77117"}],"wp:attachment":[{"href":"https:\/\/www.britishschoolbarcelona.com\/ca\/wp-json\/wp\/v2\/media?parent=23229"}],"curies":[{"name":"wp","href":"https:\/\/api.w.org\/{rel}","templated":true}]}}