
     {"id":24548,"date":"2021-09-24T17:37:54","date_gmt":"2021-09-24T15:37:54","guid":{"rendered":"https:\/\/www.britishschoolbarcelona.com\/la-familia-cognita\/"},"modified":"2025-01-23T12:53:02","modified_gmt":"2025-01-23T11:53:02","slug":"familia-cognita","status":"publish","type":"page","link":"https:\/\/www.britishschoolbarcelona.com\/ca\/familia-cognita\/","title":{"rendered":"Fam\u00edlia Cognita"},"content":{"rendered":"<div class=\"wpb-content-wrapper\"><p>[vc_row][vc_column]<section  class=\"bg-video-wrap hero section hero--centertext  small-header \" style='background: url(https:\/\/www.britishschoolbarcelona.com\/wp-content\/uploads\/sites\/76\/2023\/01\/SH_1057-e1675071674970.jpg) top ;background-size:cover ;'>\n                <div class=\"bg-overlay\" style='background:#000000;opacity:0.4;'><\/div>\n                <div class=\"overlay\" >\n                  <div class=\"container-fluid\">\n                    <div class=\"row\">\n                      <div class=\"col-md-12 col-lg-12\">\n\n                        <div class=\"caption text-start\"><div class=\"component sub-heading\" >\n                              <h1 class=\"display-h1\">Fam\u00edlia Cognita<\/h1>\n                            <\/div><\/div>\n                      <\/div>\n                    <\/div>\n                  <\/div>\n                <\/div>\n              <\/section><div class='row  m-x-0 breadcrumb-wrap ' style=''><div class='container-fluid' >\n                <nav aria-label='breadcrumb'><ol class=\"breadcrumb mt-3\">\n                  <li class=\"breadcrumb-item\"><a href=\"https:\/\/www.britishschoolbarcelona.com\/ca\/\">Home<\/a><\/li>\n                  <li class=\"breadcrumb-item active\" aria-current=\"page\">Fam\u00edlia Cognita<\/li>\n                <\/ol>\n              <\/nav>\n              <\/div>\n            <\/div>[\/vc_column][\/vc_row][vc_row][vc_column]\n            <div class=\"wrapper\">\n    <section  style='' class=\"section    container-width    \" ><div class=\"container-fluid\"><div class=\"row    \"><div class=\" col-lg-6 col-md-6      \" ><div class=\"component mb-1 mt-0  radius-bottom-LR \" style='px'><div class=\"sub-heading component\"><h2  class=\"h6  \">Les escoles Cognita ofereixen una educaci\u00f3 internacional \u00fanica<\/h2><\/div>\n                        <div class=\"sub-heading component \">\n                        <p class=\"body-medium\">The British School of Barcelona forma part de Cognita, una fam\u00edlia extraordin\u00e0ria d'escoles, diferents per\u00f2 connectades entre si, que comparteixen un objectiu com\u00fa: crear un m\u00f3n educatiu estimulant en qu\u00e8 els\/les estudiants guanyin confian\u00e7a en si mateixos\/es i els\/les empoderi perqu\u00e8 tinguin \u00e8xit. Amb m\u00e9s de cent escoles a Europa, \u00c0sia, Am\u00e8rica del Sud, Am\u00e8rica del Nord, Orient Mitj\u00e0 i l'\u00cdndia, Cognita t\u00e9 al voltant de 21 000 empleats\/des docents i de suport que es dediquen a la cura i l'educaci\u00f3 de m\u00e9s de 95 000 estudiants.<br \/>\n<br \/>\nLes escoles Cognita ofereixen una educaci\u00f3 internacional \u00fanica, que va m\u00e9s enll\u00e0 de les qualificacions, centrada en el desenvolupament d'una excel\u00b7l\u00e8ncia acad\u00e8mica completa, que proporciona confian\u00e7a i iniciativa als \/ a les joves i els\/les prepara per cr\u00e9ixer, desenvolupar-se i buscar l'\u00e8xit en un m\u00f3n que evoluciona molt r\u00e0pidament.<\/p>\n                        <\/div><\/div><div class=\"component link\"><a href=\"http:\/\/www.cognita.com\" class=\" btn btn-primary btn-primary--border\" target=\"_blank\">Visiteu Cognita.com<\/a><\/div><\/div>\n                    <div class=\"col-lg-6 col-md-6    \"><div class=\"component single-img \"><div class=\"ratio ratio-4x3 callout-img halfcol--img image_overlay_1753\" style=\"background-image: url(https:\/\/www.britishschoolbarcelona.com\/wp-content\/uploads\/sites\/76\/2023\/01\/SH_6815.jpg);\"><\/div><\/div> <\/div>\n             <\/div>\n        <\/div>\n<\/section>\n            <\/div>[\/vc_column][\/vc_row][vc_row][vc_column]\n    <section  style='background-image: url(https:\/\/www.britishschoolbarcelona.com\/wp-content\/uploads\/sites\/76\/2023\/02\/Blue-pattern-test1.png);margin-bottom:5px;' class=\"section   section--blue    section--withBG \" ><div class=\"bg-overlay\" ><\/div><div class=\"container-fluid\"><div class=\"row\">\n                <div class=\"col-md-12 col-lg-10\">  <div class=\"component title\">\n                                        <p class=\"body-small\">EXCEL\u00b7L\u00c8NCIA ACAD\u00c8MICA<\/p>\n                                    <\/div><\/div>\n                <\/div><div class=\"row    \"><div class=\" col-lg-6 col-md-6      \" ><div class=\"component mb-1 mt-0  radius-bottom-LR \" style='px'><div class=\"sub-heading component\"><h2  class=\"h6  \">La millora continuada \u00e9s l'ess\u00e8ncia del model Cognita<\/h2><\/div>\n                        <div class=\"sub-heading component \">\n                        <p class=\"body-medium\">El Global Education Team de Cognita est\u00e0 format per un equip directiu que resideix a les quatre regions Cognita del m\u00f3n. Junts\/es, se serveixen de l'evid\u00e8ncia, tant del nostre grup com de fonts externes, a l'hora d\u2019impulsar pr\u00e0ctiques educatives excel\u00b7lents a totes les nostres escoles.<br \/>\n<br \/>\nLa nostra diversitat internacional alimenta la nostra innovaci\u00f3. Un dels principals avantatges de formar part de la fam\u00edlia Cognita \u00e9s la possibilitat de connectar i col\u00b7laborar amb companys\/es de tot el m\u00f3n.<br \/>\n<br \/>\nLa nostra alian\u00e7a amb la University College de Londres (UCL), per exemple, preveu que els\/les docents facin projectes de recerca relacionats amb l'aprenentatge individualitzat de l'alumnat. Es tracta d'un treball amb un impacte important en el progr\u00e9s dels \/ de les estudiants i del departament.<\/p>\n                        <\/div><\/div><\/div>\n                    <div class=\"col-lg-6 col-md-6    \"><div class=\"component single-img \"><div class=\"ratio ratio-4x3 callout-img halfcol--img image_overlay_9148\" style=\"background-image: url(https:\/\/www.britishschoolbarcelona.com\/wp-content\/uploads\/sites\/76\/2023\/01\/SH_5365-1-e1674810782326.jpg);\"><\/div><\/div> <\/div>\n             <\/div>\n        <\/div>\n<\/section>[\/vc_column][\/vc_row][vc_row][vc_column]\n            <div class=\"wrapper\">\n    <section  style='' class=\"section    container-width    \" ><div class=\"container-fluid\"><div class=\"row\">\n                <div class=\"col-md-12 col-lg-10\">  <div class=\"component title\">\n                                        <p class=\"body-small\">BENESTAR<\/p>\n                                    <\/div><\/div>\n                <\/div><div class=\"row    \"><div class=\" col-lg-6 col-md-6      \" ><div class=\"component mb-1 mt-0  radius-bottom-LR \" style='px'><div class=\"sub-heading component\"><h2  class=\"h6  \">El benestar \u00e9s la base de l'educaci\u00f3 Cognita<\/h2><\/div>\n                        <div class=\"sub-heading component \">\n                        <p class=\"body-medium\">A la nostra fam\u00edlia d'escoles internacionals, es viu i es respira la cultura del benestar. Cognita \u00e9s pionera en l'\u00fas i l'an\u00e0lisi de dades que faciliten intervencions m\u00e9s s\u00f2lides i espec\u00edfiques per al benestar de l'alumnat. Complementem la import\u00e0ncia de la cura pastoral a l'escola amb el desenvolupament d'eines pr\u00f2pies per tal de supervisar els indicadors associats amb el benestar de l'alumnat, tot identificant proactivament els problemes als quals s'hauran d'enfrontar.<br \/>\n<br \/>\nAix\u00ed mateix, durant el Global Be Well Day de Cognita, que se celebra anualment cada mes de setembre, The British School of Barcelona se suma a la resta d\u2019escoles Cognita arreu del m\u00f3n per dedicar un dia sencer al benestar.<br \/>\n<br \/>\nCognita produeix amb regularitat recursos de gran qualitat per a les fam\u00edlies, com ara la s\u00e8rie de Recursos per al Benestar sobre tem\u00e0tiques rellevants, com el somni i el temps davant de les pantalles.<\/p>\n                        <\/div><\/div><div class=\"component link\"><a href=\"https:\/\/www.cognita.com\/cognita-be-well\/\" class=\" btn btn-link\" target=\"_blank\">Conegueu m\u00e9s a Cognita Be Well<\/a><\/div><\/div>\n                    <div class=\"col-lg-6 col-md-6    \"><div class=\"component single-img \"><div class=\"ratio ratio-21x9 callout-img halfcol--img image_overlay_5138\" style=\"background-image: url(https:\/\/www.britishschoolbarcelona.com\/wp-content\/uploads\/sites\/76\/2023\/01\/SH_4796.jpg);\"><\/div><\/div><div class=\"component single-img \"><div class=\"ratio ratio-21x9 callout-img halfcol--img image_overlay_5273\" style=\"background-image: url(https:\/\/www.britishschoolbarcelona.com\/wp-content\/uploads\/sites\/76\/2023\/01\/SH_7421.jpg);\"><\/div><\/div> <\/div>\n             <\/div>\n        <\/div>\n<\/section>\n            <\/div>[\/vc_column][\/vc_row][vc_row][vc_column]<section class=\"section section--blue bottom-step TopBottomBorder   \" style=\"background-image: url('https:\/\/www.britishschoolbarcelona.com\/wp-content\/uploads\/sites\/76\/2023\/01\/SH_3187.jpg');;;\"><style>.bottom-step.section--blue:before {background: rgba(0,0,0,0.4);}<\/style><div class=\"container-fluid\"><div class=\"row\"><div class=\"col-sm-12\"><div class=\"component title\"><p class=\"body-small\">Propers Passos<\/p><\/div><\/div><\/div><div class=\"row\"><div class=\"col-md-4\"><div class=\"component linkcard \">\n                                <a class=\"card card--bordered\" href=\"\/ca\/portes-obertes-i-visites\/\">\n                                    <div class=\"card-body d-flex align-items-center\">\n                                    <div> <div class=\"component link\">\n                                            <div  class=\"btn btn-link simple-link h5\">Portes Obertes i Visites<\/div>\n                                        <\/div><\/div><\/div><\/a><\/div><\/div><div class=\"col-md-4\"><div class=\"component linkcard \">\n                                <a class=\"card card--bordered\" href=\"\/ca\/installacions-i-ubicacio\/\">\n                                    <div class=\"card-body d-flex align-items-center\">\n                                    <div> <div class=\"component link\">\n                                            <div  class=\"btn btn-link simple-link h5\">Instal\u00b7lacions i Ubicacio<\/div>\n                                        <\/div><\/div><\/div><\/a><\/div><\/div><div class=\"col-md-4\"><div class=\"component linkcard \">\n                                <a class=\"card card--bordered\" href=\"\/ca\/excelencia-academica\/\">\n                                    <div class=\"card-body d-flex align-items-center\">\n                                    <div> <div class=\"component link\">\n                                            <div  class=\"btn btn-link simple-link h5\">Excelencia Academica<\/div>\n                                        <\/div><\/div><\/div><\/a><\/div><\/div><\/div><\/section>[\/vc_column][\/vc_row]<\/p>\n<\/div>","protected":false},"excerpt":{"rendered":"<p>[vc_row][vc_column][\/vc_column][\/vc_row][vc_row][vc_column][\/vc_column][\/vc_row][vc_row][vc_column][\/vc_column][\/vc_row][vc_row][vc_column][\/vc_column][\/vc_row][vc_row][vc_column][\/vc_column][\/vc_row]<\/p>\n","protected":false},"author":390,"featured_media":0,"parent":0,"menu_order":0,"comment_status":"closed","ping_status":"closed","template":"","meta":{"_acf_changed":false,"footnotes":""},"class_list":["post-24548","page","type-page","status-publish","hentry"],"acf":[],"yoast_head":"<!-- This site is optimized with the Yoast SEO plugin v26.5 - https:\/\/yoast.com\/wordpress\/plugins\/seo\/ -->\n<title>Formem part de la fam\u00edlia Cognita - BSB<\/title>\n<meta name=\"description\" content=\"Hastings School is part of the global Cognita Family. Find out more about the International educational group Cognita Schools.\" \/>\n<meta name=\"robots\" content=\"index, follow, max-snippet:-1, max-image-preview:large, max-video-preview:-1\" \/>\n<link rel=\"canonical\" href=\"https:\/\/www.britishschoolbarcelona.com\/ca\/familia-cognita\/\" \/>\n<meta property=\"og:locale\" content=\"ca_ES\" \/>\n<meta property=\"og:type\" content=\"article\" \/>\n<meta property=\"og:title\" content=\"Formem part de la fam\u00edlia Cognita - BSB\" \/>\n<meta property=\"og:description\" content=\"Hastings School is part of the global Cognita Family. Find out more about the International educational group Cognita Schools.\" \/>\n<meta property=\"og:url\" content=\"https:\/\/www.britishschoolbarcelona.com\/ca\/familia-cognita\/\" \/>\n<meta property=\"og:site_name\" content=\"British School of Barcelona\" \/>\n<meta property=\"article:publisher\" content=\"https:\/\/www.facebook.com\/britishschoolbarcelonacastelldefels\/\" \/>\n<meta property=\"article:modified_time\" content=\"2025-01-23T11:53:02+00:00\" \/>\n<meta property=\"og:image\" content=\"https:\/\/www.britishschoolbarcelona.com\/wp-content\/uploads\/sites\/76\/2024\/06\/bsb-web-imagen-destacada.jpg\" \/>\n\t<meta property=\"og:image:width\" content=\"1200\" \/>\n\t<meta property=\"og:image:height\" content=\"675\" \/>\n\t<meta property=\"og:image:type\" content=\"image\/jpeg\" \/>\n<meta name=\"twitter:card\" content=\"summary_large_image\" \/>\n<meta name=\"twitter:site\" content=\"@BSB_Barcelona\" \/>\n<meta name=\"twitter:label1\" content=\"Est. reading time\" \/>\n\t<meta name=\"twitter:data1\" content=\"2 minutes\" \/>\n<!-- \/ Yoast SEO plugin. -->","yoast_head_json":{"title":"Formem part de la fam\u00edlia Cognita - BSB","description":"Hastings School is part of the global Cognita Family. Find out more about the International educational group Cognita Schools.","robots":{"index":"index","follow":"follow","max-snippet":"max-snippet:-1","max-image-preview":"max-image-preview:large","max-video-preview":"max-video-preview:-1"},"canonical":"https:\/\/www.britishschoolbarcelona.com\/ca\/familia-cognita\/","og_locale":"ca_ES","og_type":"article","og_title":"Formem part de la fam\u00edlia Cognita - BSB","og_description":"Hastings School is part of the global Cognita Family. Find out more about the International educational group Cognita Schools.","og_url":"https:\/\/www.britishschoolbarcelona.com\/ca\/familia-cognita\/","og_site_name":"British School of Barcelona","article_publisher":"https:\/\/www.facebook.com\/britishschoolbarcelonacastelldefels\/","article_modified_time":"2025-01-23T11:53:02+00:00","og_image":[{"width":1200,"height":675,"url":"https:\/\/www.britishschoolbarcelona.com\/wp-content\/uploads\/sites\/76\/2024\/06\/bsb-web-imagen-destacada.jpg","type":"image\/jpeg"}],"twitter_card":"summary_large_image","twitter_site":"@BSB_Barcelona","twitter_misc":{"Est. reading time":"2 minutes"},"schema":{"@context":"https:\/\/schema.org","@graph":[{"@type":"WebPage","@id":"https:\/\/www.britishschoolbarcelona.com\/ca\/familia-cognita\/","url":"https:\/\/www.britishschoolbarcelona.com\/ca\/familia-cognita\/","name":"Formem part de la fam\u00edlia Cognita - BSB","isPartOf":{"@id":"https:\/\/www.britishschoolbarcelona.com\/ca\/#website"},"datePublished":"2021-09-24T15:37:54+00:00","dateModified":"2025-01-23T11:53:02+00:00","description":"Hastings School is part of the global Cognita Family. Find out more about the International educational group Cognita Schools.","breadcrumb":{"@id":"https:\/\/www.britishschoolbarcelona.com\/ca\/familia-cognita\/#breadcrumb"},"inLanguage":"ca","potentialAction":[{"@type":"ReadAction","target":["https:\/\/www.britishschoolbarcelona.com\/ca\/familia-cognita\/"]}]},{"@type":"BreadcrumbList","@id":"https:\/\/www.britishschoolbarcelona.com\/ca\/familia-cognita\/#breadcrumb","itemListElement":[{"@type":"ListItem","position":1,"name":"Home","item":"https:\/\/www.britishschoolbarcelona.com\/ca\/"},{"@type":"ListItem","position":2,"name":"Fam\u00edlia Cognita"}]},{"@type":"WebSite","@id":"https:\/\/www.britishschoolbarcelona.com\/ca\/#website","url":"https:\/\/www.britishschoolbarcelona.com\/ca\/","name":"British School of Barcelona","description":"The British School of Barcelona is a private international school in Barcelona, Spain. We deliver the British curriculum &amp; IB. Visit us!","publisher":{"@id":"https:\/\/www.britishschoolbarcelona.com\/ca\/#organization"},"alternateName":"BSB","potentialAction":[{"@type":"SearchAction","target":{"@type":"EntryPoint","urlTemplate":"https:\/\/www.britishschoolbarcelona.com\/ca\/?s={search_term_string}"},"query-input":{"@type":"PropertyValueSpecification","valueRequired":true,"valueName":"search_term_string"}}],"inLanguage":"ca"},{"@type":"Organization","@id":"https:\/\/www.britishschoolbarcelona.com\/ca\/#organization","name":"The British School of Barcelona","alternateName":"BSB","url":"https:\/\/www.britishschoolbarcelona.com\/ca\/","logo":{"@type":"ImageObject","inLanguage":"ca","@id":"https:\/\/www.britishschoolbarcelona.com\/ca\/#\/schema\/logo\/image\/","url":"https:\/\/www.britishschoolbarcelona.com\/wp-content\/uploads\/sites\/76\/2023\/01\/BSB-logo.png","contentUrl":"https:\/\/www.britishschoolbarcelona.com\/wp-content\/uploads\/sites\/76\/2023\/01\/BSB-logo.png","width":1920,"height":1357,"caption":"The British School of Barcelona"},"image":{"@id":"https:\/\/www.britishschoolbarcelona.com\/ca\/#\/schema\/logo\/image\/"},"sameAs":["https:\/\/www.facebook.com\/britishschoolbarcelonacastelldefels\/","https:\/\/x.com\/BSB_Barcelona","https:\/\/www.instagram.com\/britishschoolbarcelona\/","https:\/\/www.youtube.com\/channel\/UC-Cc996mIB8CwmapwNYQKvg","https:\/\/es.linkedin.com\/school\/british-school-of-barcelona\/"]}]}},"jetpack_sharing_enabled":true,"_links":{"self":[{"href":"https:\/\/www.britishschoolbarcelona.com\/ca\/wp-json\/wp\/v2\/pages\/24548","targetHints":{"allow":["GET"]}}],"collection":[{"href":"https:\/\/www.britishschoolbarcelona.com\/ca\/wp-json\/wp\/v2\/pages"}],"about":[{"href":"https:\/\/www.britishschoolbarcelona.com\/ca\/wp-json\/wp\/v2\/types\/page"}],"author":[{"embeddable":true,"href":"https:\/\/www.britishschoolbarcelona.com\/ca\/wp-json\/wp\/v2\/users\/390"}],"replies":[{"embeddable":true,"href":"https:\/\/www.britishschoolbarcelona.com\/ca\/wp-json\/wp\/v2\/comments?post=24548"}],"version-history":[{"count":15,"href":"https:\/\/www.britishschoolbarcelona.com\/ca\/wp-json\/wp\/v2\/pages\/24548\/revisions"}],"predecessor-version":[{"id":72427,"href":"https:\/\/www.britishschoolbarcelona.com\/ca\/wp-json\/wp\/v2\/pages\/24548\/revisions\/72427"}],"wp:attachment":[{"href":"https:\/\/www.britishschoolbarcelona.com\/ca\/wp-json\/wp\/v2\/media?parent=24548"}],"curies":[{"name":"wp","href":"https:\/\/api.w.org\/{rel}","templated":true}]}}