
     {"id":60946,"date":"2021-11-08T15:59:53","date_gmt":"2021-11-08T14:59:53","guid":{"rendered":"https:\/\/www.britishschoolbarcelona.com\/?page_id=60946"},"modified":"2025-07-21T09:13:28","modified_gmt":"2025-07-21T07:13:28","slug":"itineraris-personalitzats","status":"publish","type":"page","link":"https:\/\/www.britishschoolbarcelona.com\/ca\/itineraris-personalitzats\/","title":{"rendered":"Itineraris Personalitzats"},"content":{"rendered":"<div class=\"wpb-content-wrapper\"><p>[vc_row][vc_column]<section  class=\"bg-video-wrap hero section hero--centertext  small-header \" style='background: url(https:\/\/www.britishschoolbarcelona.com\/wp-content\/uploads\/sites\/76\/2023\/02\/348A2922.jpg) center ;background-size:cover ;'>\n                <div class=\"bg-overlay\" style='background:#000000;opacity:0.3;'><\/div>\n                <div class=\"overlay\" >\n                  <div class=\"container-fluid\">\n                    <div class=\"row\">\n                      <div class=\"col-md-12 col-lg-12\">\n\n                        <div class=\"caption text-start\"><div class=\"component sub-heading\" >\n                              <h1 class=\"display-h1\">Itineraris Personalitzats<\/h1>\n                            <\/div><\/div>\n                      <\/div>\n                    <\/div>\n                  <\/div>\n                <\/div>\n              <\/section><div class='row  m-x-0 breadcrumb-wrap ' style=''><div class='container-fluid' >\n                <nav aria-label='breadcrumb'><ol class=\"breadcrumb mt-3\">\n                  <li class=\"breadcrumb-item\"><a href=\"https:\/\/www.britishschoolbarcelona.com\/ca\/\">Home<\/a><\/li>\n                  <li class=\"breadcrumb-item active\" aria-current=\"page\">Itineraris Personalitzats<\/li>\n                <\/ol>\n              <\/nav>\n              <\/div>\n            <\/div>[\/vc_column][\/vc_row][vc_row][vc_column]\n            <div class=\"wrapper\">\n    <section  style='' class=\"section    container-width    \" ><div class=\"container-fluid\"><div class=\"row  justify-content-between  \"><div class=\" col-lg-6 col-md-6      \" ><div class=\"component mb-1 mt-0  radius-bottom-LR \" style='px'><div class=\"sub-heading component\"><h2  class=\"h6  \">Garantim una educaci\u00f3 personalitzada<\/h2><\/div>\n                        <div class=\"sub-heading component \">\n                        <p class=\"body-medium\">A BSB ens assegurem que l'alumnat t\u00e9 la possibilitat d'escollir lliurement el seu itinerari formatiu sempre que sigui possible.<br \/>\n<br \/>\nTot i aix\u00ed, som conscients que, per poder fer aquesta elecci\u00f3, cal que tant ells\/es com les seves fam\u00edlies rebin el m\u00e0xim d'informaci\u00f3 i suport.<\/p>\n                        <\/div><\/div><\/div>\n                    <div class=\"col-lg-5 col-md-6    \"><div class=\"component IconWithText-list\">\n                    <div class=\"card\"><div class=\"card-header section--blue\" style='background-color:#00247d;px'>\n                            <div class=\"sub-heading component mb-0\">\n                                <p class=\"body-medium\">Vegeu m\u00e9s:<\/p>\n                            <\/div>\n                        <\/div><div class=\"card-body section--white\">\n                            <div class=\"component list list--IconWithText-list bordered--icon blue-icon\">\n                                <ul><li><div class=\"component link\"><a href=\"#un-enfocament-educatiu-transdisciplinar\" class=\" btn btn-link\">Un enfocament educatiu transdisciplinar<\/a><\/div><\/li><li><div class=\"component link\"><a href=\"#un-curriculum-fet-a-mida\" class=\" btn btn-link\">Un curr\u00edculum fet a mida<\/a><\/div><\/li><li><div class=\"component link\"><a href=\"#llibertat-per-triar-itinerari-a-batxillerat\" class=\" btn btn-link\">Llibertat per triar itinerari a Batxillerat<\/a><\/div><\/li><li><div class=\"component link\"><a href=\"#fomentem-lamor-per-laprenentatge\" class=\" btn btn-link\">Fomentem l'amor per l'aprenentatge<\/a><\/div><\/li><li><div class=\"component link\"><a href=\"#resultats-excellents\" class=\" btn btn-link\">Resultats excel\u00b7lents<\/a><\/div><\/li>              <\/ul>\n                            <\/div>\n                    <\/div>  <\/div>\n            <\/div> <\/div>\n             <\/div>\n        <\/div>\n<\/section>\n            <\/div><section  class=\"section callout-img full--img  has-bg-image   \" style=\"background-image: url('https:\/\/www.britishschoolbarcelona.com\/wp-content\/uploads\/sites\/76\/2023\/01\/SH_9155.jpg'); background-size: cover;\"margin-bottom:5px;><div class=\"img-overlay overlay1394\"><\/div><div class=\"container-fluid\">\n                                <div class=\"row \"><style>\n                @media (max-width: 767px) {\n                    .img_overlay_uniq9806 {\n                        width: 90%;\n                    }\n                }\n                <\/style><div class=\"col-lg-12 col-md-12\">\n                                    <div class=\"heading component\">\n                                    <div class=\"\" >\n                                    <div class=\"img-overlay-middle img_overlay_uniq9806\" style=\" \">\n                                    <div><div class=\"heading component\">\n                                                    <div class=\"h4\">\u00abEl curr\u00edculum s\u2019imparteix gr\u00e0cies a lli\u00e7ons ben estructurades i atractives, planificades amb cura per cobrir les necessitats de tot l\u2019alumnat.\u00bb<\/div>\n                                                <\/div><div class=\"heading component\">\n                                                                        <p class=\"body-large\"><\/p>\n<h6>\u2014 The British School of Barcelona, Informe BSO 2024<\/h6>\n<p><\/p>\n                                                                    <\/div><div class=\"component link cust-link\"><\/div><\/div>\n                                                    <\/div>\n                                                <\/div>\n                                            <\/div>\n                                        \n                                        <\/div>\n                                    <\/div>\n                                <\/div>\n                            <\/section>[\/vc_column][\/vc_row][vc_row css=&#8221;.vc_custom_1675853224469{background-image: url(https:\/\/www.britishschoolbarcelona.com\/wp-content\/uploads\/sites\/76\/2023\/02\/red-pattern-test2.png?id=22257) !important;background-position: center !important;background-repeat: no-repeat !important;background-size: cover !important;}&#8221;][vc_column]\n    <section  id=\"un-enfocament-educatiu-transdisciplinar\"  style='margin-bottom:5px;' class=\"section     pb-0 white-section  \" ><div class=\"container-fluid\"><div class=\"row    \"><div class=\" col-lg-6 col-md-6      \" ><div class=\"component mb-1 mt-0  radius-bottom-LR \" style='px'><div class=\"sub-heading component\"><h2  class=\"h6  \">Un enfocament educatiu transdisciplinar<\/h2><\/div>\n                        <div class=\"sub-heading component \">\n                        <p class=\"body-medium\">Ens centrem a oferir a l'alumnat m\u00e9s llibertat d'elecci\u00f3 sobre el seu aprenentatge. Aix\u00f2 comen\u00e7a a Prim\u00e0ria, amb els projectes transdisciplinaris, que permeten interconnectar diferents \u00e0rees del curr\u00edculum per crear connexions entre elles. Aix\u00f2 dota l'aprenentatge d\u2019un rigor i sentit reals que animen els\/les alumnes a voler continuar aprofundint.<br \/>\n<br \/>\nA Years 7 i 8 continuem treballant en aquest enfocament basat en la recerca, tot combinant diverses assignatures en el que anomenem Projectes d'Aprenentatge Integrat.<\/p>\n                        <\/div><\/div><\/div>\n                    <div class=\"col-lg-6 col-md-6    \"><div class=\"component single-img \"><div class=\"ratio ratio-16x9 callout-img halfcol--img image_overlay_9859\" style=\"background-image: url(https:\/\/www.britishschoolbarcelona.com\/wp-content\/uploads\/sites\/76\/2023\/01\/Screenshot-491.png);\"><\/div><\/div> <\/div>\n             <\/div>\n        <\/div>\n<\/section>\n    <section  style='margin-top:60px;margin-bottom:5px;' class=\"section     pt-0 white-section  \" ><div class=\"container-fluid\"><div class=\"row    \"><div class=\" col-lg-6 col-md-6      \" ><div class=\"component link\"><div class=\"ratio ratio-21x9 callout-img halfcol--img image_overlay_2647\" style=\"background-image: url(https:\/\/www.britishschoolbarcelona.com\/wp-content\/uploads\/sites\/76\/2023\/01\/Screenshot-492.png);\"><\/div><\/div><\/div>\n                    <div class=\"col-lg-6 col-md-6    \"><div class=\"component mb-1 mt-0  radius-bottom-LR \" style='px'>\n                        <div class=\"sub-heading component \">\n                        <p class=\"body-medium\">Aquests fomenten que l'alumnat pensi de manera creativa, adopti una mentalitat oberta i busqui connexions entre les diferents disciplines. Se'ls \/ se les anima a buscar enfocaments alternatius, a escollir quin rol volen ocupar als seus grups de treball i a prendre decisions sobre els possibles resultats del projecte.<br \/>\n<br \/>\nA BSB, tot l'alumnat rep orientaci\u00f3 constant per part de l'equip docent, per\u00f2 se'ls \/ se les anima a pensar de manera aut\u00f2noma en tot moment. Els beneficis d'aquest enfocament s\u00f3n evidents en totes les assignatures.<\/p>\n                        <\/div><\/div> <\/div>\n             <\/div>\n        <\/div>\n<\/section>[\/vc_column][\/vc_row][vc_row][vc_column]\n    <section  id=\"un-curriculum-fet-a-mida\"  style='background-image: url(https:\/\/www.britishschoolbarcelona.com\/wp-content\/uploads\/sites\/76\/2023\/02\/Grey-top.png);margin-top:5px;margin-bottom:5px;' class=\"section   section--white    section--withBG \" ><div class=\"bg-overlay\" ><\/div><div class=\"container-fluid\"><div class=\"row    \"><div class=\" col-lg-6 col-md-6      \" ><div class=\"component link\"><div class=\"ratio ratio-4x3 callout-img halfcol--img image_overlay_1952\" style=\"background-image: url(https:\/\/www.britishschoolbarcelona.com\/wp-content\/uploads\/sites\/76\/2023\/01\/Screenshot-493.png);\"><\/div><\/div><\/div>\n                    <div class=\"col-lg-6 col-md-6    \"><div class=\"component mb-1 mt-0  radius-bottom-LR \" style='px'><div class=\"sub-heading component\"><h2  class=\"h6  \">Un curr\u00edculum fet a mida<\/h2><\/div>\n                        <div class=\"sub-heading component \">\n                        <p class=\"body-medium\">A partir de Year 8, permetem, i fomentem, que l'alumnat comenci a prendre decisions sobre l'itinerari formatiu que vol cursar.<br \/>\n<br \/>\nA Year 9, a m\u00e9s del programa troncal, tamb\u00e9 els donem la possibilitat d'escollir sis assignatures optatives amb l'objectiu que comencin a pensar qu\u00e8 els agradaria continuar estudiant quan arribi el moment de decidir els GCSE.<br \/>\n<br \/>\nEn oferir-los aquesta flexibilitat, l'alumnat s'implica m\u00e9s a les seves assignatures. Aix\u00ed mateix, els\/les estudiants reben tota la informaci\u00f3 necess\u00e0ria sobre els tres models d'optatives que poden cursar als GCSE perqu\u00e8 tinguin \u00e8xit als ex\u00e0mens.<\/p>\n                        <\/div><\/div> <\/div>\n             <\/div>\n        <\/div>\n<\/section>[\/vc_column][\/vc_row][vc_row][vc_column]\n    <section  id=\"llibertat-per-triar-itinerari-a-batxillerat\"  style='background-image: url(https:\/\/www.britishschoolbarcelona.com\/wp-content\/uploads\/sites\/76\/2023\/02\/blue-top.png);margin-bottom:5px;' class=\"section   section--blue    section--withBG \" ><div class=\"bg-overlay\" ><\/div><div class=\"container-fluid\"><div class=\"row    \"><div class=\" col-lg-6 col-md-6      \" ><div class=\"component mb-1 mt-0  radius-bottom-LR \" style='px'><div class=\"sub-heading component\"><h2  class=\"h6  \">Llibertat per triar itinerari a Batxillerat<\/h2><\/div>\n                        <div class=\"sub-heading component \">\n                        <p class=\"body-medium\">Per als dos darrers cursos de la seva educaci\u00f3 a BSB Nexus, l'alumnat pot triar entre cursar el Programa del Diploma del Batxillerat Internacional (IBDP) o els A Levels, i un cop triat un itinerari, encara poden personalitzar m\u00e9s els estudis escollint les assignatures. Els\/les estudiants d'IBDP hauran de triar sis assignatures i als A Levels la majoria n'escull quatre.<br \/>\n<br \/>\nSom conscients que tenir llibertat d'elecci\u00f3 \u00e9s fant\u00e0stic, per\u00f2 tamb\u00e9 que ha d'anar acompanyada d'un programa d'orientaci\u00f3 de qualitat. El nostre equip de tutors\/es, docents i coordinadors\/es ofereixen la m\u00e0xima informaci\u00f3 i suport \u2014a m\u00e9s de la flexibilitat necess\u00e0ria sempre que sigui possible\u2014 per tal de garantir que l'alumnat est\u00e0 segur i satisfet amb l'itinerari que ha escollit.<\/p>\n                        <\/div><\/div><\/div>\n                    <div class=\"col-lg-6 col-md-6    \"><div class=\"component single-img \"><div class=\"ratio ratio-4x3 callout-img halfcol--img image_overlay_7343\" style=\"background-image: url(https:\/\/www.britishschoolbarcelona.com\/wp-content\/uploads\/sites\/76\/2023\/01\/SH_8101.jpg);\"><\/div><\/div> <\/div>\n             <\/div>\n        <\/div>\n<\/section>[\/vc_column][\/vc_row][vc_row][vc_column]\n    <section  id=\"fomentem-lamor-per-laprenentatge\"  style='background-image: url(https:\/\/www.britishschoolbarcelona.com\/wp-content\/uploads\/sites\/76\/2023\/02\/red-pattern-test2.png);margin-bottom:5px;' class=\"section   section--blue    section--withBG \" ><div class=\"bg-overlay\" ><\/div><div class=\"container-fluid\"><div class=\"row    \"><div class=\" col-lg-6 col-md-6      \" ><div class=\"component link\"><div class=\"ratio ratio-4x3 callout-img halfcol--img image_overlay_8373\" style=\"background-image: url(https:\/\/www.britishschoolbarcelona.com\/wp-content\/uploads\/sites\/76\/2023\/01\/SH_2549.jpg);\"><\/div><\/div><\/div>\n                    <div class=\"col-lg-6 col-md-6    \"><div class=\"component mb-1 mt-0  radius-bottom-LR \" style='px'><div class=\"sub-heading component\"><h2  class=\"h6  \">Fomentem l'amor per l'aprenentatge<\/h2><\/div>\n                        <div class=\"sub-heading component \">\n                        <p class=\"body-medium\">Els h\u00e0bits d'aprenentatge de BSB estan dissenyats per assegurar que l'aprenentatge va m\u00e9s enll\u00e0 dels continguts propis de la mat\u00e8ria. Ja sigui per fomentar l'Organitzaci\u00f3 i la Socialitzaci\u00f3, o per promoure el Lideratge i la Determinaci\u00f3, planifiquem les classes, les assemblees, les Societies i les activitats extraescolars amb l'objectiu de desenvolupar aquests i altres h\u00e0bits i habilitats que resulten de gran utilitat tant a l'escola com a la vida adulta.<br \/>\n<br \/>\nEl valor que atorguem a la metacognici\u00f3 i al foment de la creativitat i la resili\u00e8ncia fa que l'alumnat consideri l'escola com un lloc on pot prendre el control del seu aprenentatge i desenvolupar una veritable passi\u00f3 per les assignatures i les activitats en qu\u00e8 participa.<\/p>\n                        <\/div><\/div> <\/div>\n             <\/div>\n        <\/div>\n<\/section>\n    <section  id=\"resultats-excellents\"  style='background-image: url(https:\/\/www.britishschoolbarcelona.com\/wp-content\/uploads\/sites\/76\/2023\/02\/Grey-top.png);margin-bottom:5px;' class=\"section   section--white    section--withBG \" ><div class=\"bg-overlay\" ><\/div><div class=\"container-fluid\"><div class=\"row    \"><div class=\" col-lg-6 col-md-6      \" ><div class=\"component mb-1 mt-0  radius-bottom-LR \" style='px'><div class=\"sub-heading component\"><h2  class=\"h6  \">Resultats excel\u00b7lents<\/h2><\/div>\n                        <div class=\"sub-heading component \">\n                        <p class=\"body-medium\">Un dels principals resultats d'oferir aquesta llibertat d'elecci\u00f3 i el suport que atorguem a l'alumnat s\u00f3n els resultats excel\u00b7lents dels ex\u00e0mens en tots els cursos: estan molt per sobre de la mitjana nacional i s\u00f3n prova del seu alt nivell de rendiment i progr\u00e9s.<br \/>\n<br \/>\nCada any, diversos\/es estudiants reben certificats per part dels organismes examinadors per aconseguir les notes m\u00e9s elevades en determinades assignatures de tot Espanya o d'Europa.<\/p>\n                        <\/div><\/div><div class=\"component link\"><a href=\"\/ca\/excelencia-academica\/\" class=\" btn btn-link\">Coneixeu m\u00e9s sobre el Rendiment Acad\u00e8mic<\/a><\/div><\/div>\n                    <div class=\"col-lg-6 col-md-6    \"><div class=\"component single-img \"><div class=\"ratio ratio-16x9 callout-img halfcol--img image_overlay_4613\" style=\"background-image: url(https:\/\/www.britishschoolbarcelona.com\/wp-content\/uploads\/sites\/76\/2023\/01\/SH_9217.jpg);\"><\/div><\/div> <\/div>\n             <\/div>\n        <\/div>\n<\/section>[\/vc_column][\/vc_row][vc_row][vc_column]<section class=\"section section--blue bottom-step TopBottomBorder   \" style=\"background-image: url('https:\/\/www.britishschoolbarcelona.com\/wp-content\/uploads\/sites\/76\/2023\/01\/SH_0740-e1676989461114.jpg');;;\"><style>.bottom-step.section--blue:before {background: rgba(0,0,0,0.4);}<\/style><div class=\"container-fluid\"><div class=\"row\"><div class=\"col-sm-12\"><div class=\"component title\"><p class=\"body-small\">Propers Passos<\/p><\/div><\/div><\/div><div class=\"row\"><div class=\"col-md-4\"><div class=\"component linkcard \">\n                                <a class=\"card card--bordered\" href=\"\/ca\/portes-obertes-i-visites\/\">\n                                    <div class=\"card-body d-flex align-items-center\">\n                                    <div> <div class=\"component link\">\n                                            <div  class=\"btn btn-link simple-link h5\">Portes Obertes i Visites<\/div>\n                                        <\/div><\/div><\/div><\/a><\/div><\/div><div class=\"col-md-4\"><div class=\"component linkcard \">\n                                <a class=\"card card--bordered\" href=\"\/ca\/installacions-i-ubicacio\/\">\n                                    <div class=\"card-body d-flex align-items-center\">\n                                    <div> <div class=\"component link\">\n                                            <div  class=\"btn btn-link simple-link h5\">Instal\u00b7lacions i Ubicacio<\/div>\n                                        <\/div><\/div><\/div><\/a><\/div><\/div><div class=\"col-md-4\"><div class=\"component linkcard \">\n                                <a class=\"card card--bordered\" href=\"\/ca\/excelencia-academica\/\">\n                                    <div class=\"card-body d-flex align-items-center\">\n                                    <div> <div class=\"component link\">\n                                            <div  class=\"btn btn-link simple-link h5\">Excelencia Academica<\/div>\n                                        <\/div><\/div><\/div><\/a><\/div><\/div><\/div><\/section>[\/vc_column][\/vc_row]<\/p>\n<\/div>","protected":false},"excerpt":{"rendered":"<p>[vc_row][vc_column][\/vc_column][\/vc_row][vc_row][vc_column][\/vc_column][\/vc_row][vc_row css=&#8221;.vc_custom_1675853224469{background-image: url(https:\/\/www.britishschoolbarcelona.com\/wp-content\/uploads\/sites\/76\/2023\/02\/red-pattern-test2.png?id=22257) !important;background-position: center !important;background-repeat: no-repeat !important;background-size: cover !important;}&#8221;][vc_column][\/vc_column][\/vc_row][vc_row][vc_column][\/vc_column][\/vc_row][vc_row][vc_column][\/vc_column][\/vc_row][vc_row][vc_column][\/vc_column][\/vc_row][vc_row][vc_column][\/vc_column][\/vc_row]<\/p>\n","protected":false},"author":390,"featured_media":0,"parent":0,"menu_order":0,"comment_status":"closed","ping_status":"closed","template":"","meta":{"_acf_changed":false,"footnotes":""},"class_list":["post-60946","page","type-page","status-publish","hentry"],"acf":[],"yoast_head":"<!-- This site is optimized with the Yoast SEO plugin v26.5 - https:\/\/yoast.com\/wordpress\/plugins\/seo\/ -->\n<title>Itineraris personalitzats per a cada estudiant - BSB<\/title>\n<meta name=\"description\" content=\"A BSB ens assegurem que els estudiants puguin personalitzar el seu aprenentatge al llarg del seu itinerari acad\u00e8mic.\" \/>\n<meta name=\"robots\" content=\"index, follow, max-snippet:-1, max-image-preview:large, max-video-preview:-1\" \/>\n<link rel=\"canonical\" href=\"https:\/\/www.britishschoolbarcelona.com\/ca\/itineraris-personalitzats\/\" \/>\n<meta property=\"og:locale\" content=\"ca_ES\" \/>\n<meta property=\"og:type\" content=\"article\" \/>\n<meta property=\"og:title\" content=\"Itineraris personalitzats per a cada estudiant - BSB\" \/>\n<meta property=\"og:description\" content=\"A BSB ens assegurem que els estudiants puguin personalitzar el seu aprenentatge al llarg del seu itinerari acad\u00e8mic.\" \/>\n<meta property=\"og:url\" content=\"https:\/\/www.britishschoolbarcelona.com\/ca\/itineraris-personalitzats\/\" \/>\n<meta property=\"og:site_name\" content=\"British School of Barcelona\" \/>\n<meta property=\"article:publisher\" content=\"https:\/\/www.facebook.com\/britishschoolbarcelonacastelldefels\/\" \/>\n<meta property=\"article:modified_time\" content=\"2025-07-21T07:13:28+00:00\" \/>\n<meta property=\"og:image\" content=\"https:\/\/www.britishschoolbarcelona.com\/wp-content\/uploads\/sites\/76\/2024\/06\/bsb-web-imagen-destacada.jpg\" \/>\n\t<meta property=\"og:image:width\" content=\"1200\" \/>\n\t<meta property=\"og:image:height\" content=\"675\" \/>\n\t<meta property=\"og:image:type\" content=\"image\/jpeg\" \/>\n<meta name=\"twitter:card\" content=\"summary_large_image\" \/>\n<meta name=\"twitter:site\" content=\"@BSB_Barcelona\" \/>\n<meta name=\"twitter:label1\" content=\"Est. reading time\" \/>\n\t<meta name=\"twitter:data1\" content=\"2 minutes\" \/>\n<!-- \/ Yoast SEO plugin. -->","yoast_head_json":{"title":"Itineraris personalitzats per a cada estudiant - BSB","description":"A BSB ens assegurem que els estudiants puguin personalitzar el seu aprenentatge al llarg del seu itinerari acad\u00e8mic.","robots":{"index":"index","follow":"follow","max-snippet":"max-snippet:-1","max-image-preview":"max-image-preview:large","max-video-preview":"max-video-preview:-1"},"canonical":"https:\/\/www.britishschoolbarcelona.com\/ca\/itineraris-personalitzats\/","og_locale":"ca_ES","og_type":"article","og_title":"Itineraris personalitzats per a cada estudiant - BSB","og_description":"A BSB ens assegurem que els estudiants puguin personalitzar el seu aprenentatge al llarg del seu itinerari acad\u00e8mic.","og_url":"https:\/\/www.britishschoolbarcelona.com\/ca\/itineraris-personalitzats\/","og_site_name":"British School of Barcelona","article_publisher":"https:\/\/www.facebook.com\/britishschoolbarcelonacastelldefels\/","article_modified_time":"2025-07-21T07:13:28+00:00","og_image":[{"width":1200,"height":675,"url":"https:\/\/www.britishschoolbarcelona.com\/wp-content\/uploads\/sites\/76\/2024\/06\/bsb-web-imagen-destacada.jpg","type":"image\/jpeg"}],"twitter_card":"summary_large_image","twitter_site":"@BSB_Barcelona","twitter_misc":{"Est. reading time":"2 minutes"},"schema":{"@context":"https:\/\/schema.org","@graph":[{"@type":"WebPage","@id":"https:\/\/www.britishschoolbarcelona.com\/ca\/itineraris-personalitzats\/","url":"https:\/\/www.britishschoolbarcelona.com\/ca\/itineraris-personalitzats\/","name":"Itineraris personalitzats per a cada estudiant - BSB","isPartOf":{"@id":"https:\/\/www.britishschoolbarcelona.com\/ca\/#website"},"datePublished":"2021-11-08T14:59:53+00:00","dateModified":"2025-07-21T07:13:28+00:00","description":"A BSB ens assegurem que els estudiants puguin personalitzar el seu aprenentatge al llarg del seu itinerari acad\u00e8mic.","breadcrumb":{"@id":"https:\/\/www.britishschoolbarcelona.com\/ca\/itineraris-personalitzats\/#breadcrumb"},"inLanguage":"ca","potentialAction":[{"@type":"ReadAction","target":["https:\/\/www.britishschoolbarcelona.com\/ca\/itineraris-personalitzats\/"]}]},{"@type":"BreadcrumbList","@id":"https:\/\/www.britishschoolbarcelona.com\/ca\/itineraris-personalitzats\/#breadcrumb","itemListElement":[{"@type":"ListItem","position":1,"name":"Home","item":"https:\/\/www.britishschoolbarcelona.com\/ca\/"},{"@type":"ListItem","position":2,"name":"Itineraris Personalitzats"}]},{"@type":"WebSite","@id":"https:\/\/www.britishschoolbarcelona.com\/ca\/#website","url":"https:\/\/www.britishschoolbarcelona.com\/ca\/","name":"British School of Barcelona","description":"The British School of Barcelona is a private international school in Barcelona, Spain. We deliver the British curriculum &amp; IB. Visit us!","publisher":{"@id":"https:\/\/www.britishschoolbarcelona.com\/ca\/#organization"},"alternateName":"BSB","potentialAction":[{"@type":"SearchAction","target":{"@type":"EntryPoint","urlTemplate":"https:\/\/www.britishschoolbarcelona.com\/ca\/?s={search_term_string}"},"query-input":{"@type":"PropertyValueSpecification","valueRequired":true,"valueName":"search_term_string"}}],"inLanguage":"ca"},{"@type":"Organization","@id":"https:\/\/www.britishschoolbarcelona.com\/ca\/#organization","name":"The British School of Barcelona","alternateName":"BSB","url":"https:\/\/www.britishschoolbarcelona.com\/ca\/","logo":{"@type":"ImageObject","inLanguage":"ca","@id":"https:\/\/www.britishschoolbarcelona.com\/ca\/#\/schema\/logo\/image\/","url":"https:\/\/www.britishschoolbarcelona.com\/wp-content\/uploads\/sites\/76\/2023\/01\/BSB-logo.png","contentUrl":"https:\/\/www.britishschoolbarcelona.com\/wp-content\/uploads\/sites\/76\/2023\/01\/BSB-logo.png","width":1920,"height":1357,"caption":"The British School of Barcelona"},"image":{"@id":"https:\/\/www.britishschoolbarcelona.com\/ca\/#\/schema\/logo\/image\/"},"sameAs":["https:\/\/www.facebook.com\/britishschoolbarcelonacastelldefels\/","https:\/\/x.com\/BSB_Barcelona","https:\/\/www.instagram.com\/britishschoolbarcelona\/","https:\/\/www.youtube.com\/channel\/UC-Cc996mIB8CwmapwNYQKvg","https:\/\/es.linkedin.com\/school\/british-school-of-barcelona\/"]}]}},"jetpack_sharing_enabled":true,"_links":{"self":[{"href":"https:\/\/www.britishschoolbarcelona.com\/ca\/wp-json\/wp\/v2\/pages\/60946","targetHints":{"allow":["GET"]}}],"collection":[{"href":"https:\/\/www.britishschoolbarcelona.com\/ca\/wp-json\/wp\/v2\/pages"}],"about":[{"href":"https:\/\/www.britishschoolbarcelona.com\/ca\/wp-json\/wp\/v2\/types\/page"}],"author":[{"embeddable":true,"href":"https:\/\/www.britishschoolbarcelona.com\/ca\/wp-json\/wp\/v2\/users\/390"}],"replies":[{"embeddable":true,"href":"https:\/\/www.britishschoolbarcelona.com\/ca\/wp-json\/wp\/v2\/comments?post=60946"}],"version-history":[{"count":16,"href":"https:\/\/www.britishschoolbarcelona.com\/ca\/wp-json\/wp\/v2\/pages\/60946\/revisions"}],"predecessor-version":[{"id":74269,"href":"https:\/\/www.britishschoolbarcelona.com\/ca\/wp-json\/wp\/v2\/pages\/60946\/revisions\/74269"}],"wp:attachment":[{"href":"https:\/\/www.britishschoolbarcelona.com\/ca\/wp-json\/wp\/v2\/media?parent=60946"}],"curies":[{"name":"wp","href":"https:\/\/api.w.org\/{rel}","templated":true}]}}