
     {"id":24410,"date":"2023-01-30T14:51:56","date_gmt":"2023-01-30T13:51:56","guid":{"rendered":"https:\/\/www.britishschoolbarcelona.com\/cognita-connect-parents-app\/"},"modified":"2023-03-06T06:16:47","modified_gmt":"2023-03-06T05:16:47","slug":"cognita-connect-app","status":"publish","type":"page","link":"https:\/\/www.britishschoolbarcelona.com\/es\/cognita-connect-app\/","title":{"rendered":"Cognita Connect App"},"content":{"rendered":"<div class=\"wpb-content-wrapper\"><p>[vc_row][vc_column]<section  class=\"bg-video-wrap hero section hero--centertext  small-header \" style='background: url(https:\/\/www.britishschoolbarcelona.com\/wp-content\/uploads\/sites\/76\/2023\/01\/SH_9983-1.jpg) center ;background-size:cover ;'>\n                <div class=\"bg-overlay\" style='background:#000000;opacity:0.4;'><\/div>\n                <div class=\"overlay\" >\n                  <div class=\"container-fluid\">\n                    <div class=\"row\">\n                      <div class=\"col-md-12 col-lg-12\">\n\n                        <div class=\"caption text-start\"><div class=\"component sub-heading\" >\n                              <h1 class=\"display-h1\">Cognita Connect App<\/h1>\n                            <\/div><\/div>\n                      <\/div>\n                    <\/div>\n                  <\/div>\n                <\/div>\n              <\/section><div class='row  m-x-0 breadcrumb-wrap ' style=''><div class='container-fluid' >\n                <nav aria-label='breadcrumb'><ol class=\"breadcrumb mt-3\">\n                  <li class=\"breadcrumb-item\"><a href=\"https:\/\/www.britishschoolbarcelona.com\/es\/\">Home<\/a><\/li>\n                  <li class=\"breadcrumb-item active\" aria-current=\"page\">Cognita Connect App<\/li>\n                <\/ol>\n              <\/nav>\n              <\/div>\n            <\/div>[\/vc_column][\/vc_row][vc_row][vc_column]\n            <div class=\"wrapper\">\n    <section  style='' class=\"section    container-width    \" ><div class=\"container-fluid\"><div class=\"row    \"><div class=\" col-lg-6 col-md-6      \" ><div class=\"component mb-1 mt-0  radius-bottom-LR \" style='px'><div class=\"sub-heading component\"><h2  class=\"h6  \">Establecemos una conexi\u00f3n duradera entre las familias y el colegio<\/h2><\/div>\n                        <div class=\"sub-heading component \">\n                        <p class=\"body-medium\">En The British School of Barcelona consideramos que es de vital importancia mantener un canal de comunicaci\u00f3n claro, puntual y fiable entre el colegio y las familias para ayudar as\u00ed en el rendimiento del alumnado y establecer v\u00ednculos fruct\u00edferos.<br \/>\n<br \/>\nAdem\u00e1s de reuniones en persona y eventos p\u00fablicos, contamos con varias herramientas para comunicarnos con las familias con asiduidad.<\/p>\n                        <\/div><\/div><\/div>\n                    <div class=\"col-lg-6 col-md-6    \"><div class=\"component single-img \"><div class=\"ratio ratio-16x9 callout-img halfcol--img image_overlay_9230\" style=\"background-image: url(https:\/\/www.britishschoolbarcelona.com\/wp-content\/uploads\/sites\/76\/2023\/01\/SH_9509-1.jpg);\"><\/div><\/div> <\/div>\n             <\/div>\n        <\/div>\n<\/section>\n            <\/div>[\/vc_column][\/vc_row][vc_row css=&#8221;.vc_custom_1676408008845{background-image: url(https:\/\/www.britishschoolbarcelona.com\/wp-content\/uploads\/sites\/76\/2023\/02\/Blue-pattern-test1.png?id=21810) !important;background-position: center !important;background-repeat: no-repeat !important;background-size: cover !important;}&#8221;][vc_column]<section  style='' class=\"section    pb-0  white-section\"><div class=\"container-fluid\"><div class=\"row m-0 align-items-center centerText \" >\n                        <div class=\"col-sm-12 col-md-10 col-lg-9 mx-auto\"><div class=\"sub-heading component\">\n                                        <h2 class=\"h5\">Una experiencia enriquecedora para las familias<\/h2>\n                                    <\/div><div class=\"sub-heading component\"><p>La principal herramienta que utilizamos para comunicarnos con las familias es Cognita Connect. Se trata de una aplicaci\u00f3n y portal web seguro donde encontrar\u00e1s todo lo necesario para estar al d\u00eda sobre la educaci\u00f3n y actividades de tus hijos\/as, todo en un \u00fanico punto de acceso con noticias e informaci\u00f3n personalizadas.<\/p>\n<\/div><style>\n                        .flex-button {\n                        margin-top: 25px;\n                    } \n                        \n                    @media (max-width: 767px){\n                     .flex-button {\n                      display: block;\n                      margin-left: 0;\n                    }\n                    .flex-button .text-center{\n                     text-align: left !important;\n                    }\n                    }\n\n\n                        <\/style><\/div><\/div><\/section><section  class=\"section    white-section  pt-0\" style='margin-top:30px;'><div class=\"container-fluid \"><div class=\"row m-x-0\"><div class=\"col-lg-12\">   <\/div>\n                <\/div><div class=\"row m-x-0 justify-content-between\">\n                    <div class=\"col-xl-6 col-lg-6 col-md-6\"><div class=\"component IconWithText-list\">\n                        <div class=\"card\"><div class=\"card-header section--blue-card\">\n                                <div class=\"sub-heading component mb-0\">\n                                    <div class=\"body-large-bold\">Principales Beneficios:<\/div>\n                                <\/div>\n                          <\/div><div class=\"card-body section--white\">\n                            <div class=\"component list list--IconWithText-list bordered--icon blue-icon\">\n                                <ul><li><div class=\"component icon\"><i class=\"fas fa-hands\"><\/i><\/div><div class=\"component link\"> <div class=\"body-small-bold p-0\">Punto \u00fanico de interacci\u00f3n entre el colegio y las familias.<\/div><\/div><\/li> <li><div class=\"component icon\"><i class=\"fas fa-user-friends\"><\/i><\/div><div class=\"component link\"> <div class=\"body-small-bold p-0\">Una herramienta intuitiva con una interfaz muy accesible.<\/div><\/div><\/li> <li><div class=\"component icon\"><i class=\"fas fa-history\"><\/i><\/div><div class=\"component link\"> <div class=\"body-small-bold p-0\"> Informaci\u00f3n disponible las veinticuatro horas.<\/div><\/div><\/li> <li><div class=\"component icon\"><i class=\"fas fa-comment-dots\"><\/i><\/div><div class=\"component link\"> <div class=\"body-small-bold p-0\">Comunicaci\u00f3n personalizada.<\/div><\/div><\/li> <li><div class=\"component icon\"><i class=\"fas fa-tv\"><\/i><\/div><div class=\"component link\"> <div class=\"body-small-bold p-0\">Una plataforma segura para comunicarte en privado con el colegio.<\/div><\/div><\/li> <li><div class=\"component icon\"><i class=\"fas fa-tablet\"><\/i><\/div><div class=\"component link\"> <div class=\"body-small-bold p-0\">Accesible desde m\u00f3vil, tablet u ordenador para ajustarse a las preferencias de cada familia.<\/div><\/div><\/li> <\/ul>\n                            <\/div>\n                        <\/div>           <\/div>\n                <\/div><div class=\"component link\"><\/div>    <\/div><div class=\"col-lg-6 col-md-6\"><div class=\"component IconWithText-list\">\n                            <div class=\"card\">               <div class=\"card-header section--blue-card\" >\n                                    <div class=\"sub-heading component mb-0\">\n                                        <p class=\"body-large-bold\">Aspectos clave:<\/p>\n                                    <\/div>\n                                <\/div>               <div class=\"card-body section--white\">\n                                    <div class=\"component list list--IconWithText-list bordered--icon blue-icon\">\n                                        <ul>                           <li><div class=\"component icon\"><i class=\"fas fa-rss-square\"><\/i><\/div><div class=\"component link\"> <p class=\"body-small-bold p-0\">Panel de Noticias personalizado con informaci\u00f3n relevante para las familias.<\/p> <\/div> <\/li>                            <li><div class=\"component icon\"><i class=\"fas fa-calendar-check\"><\/i><\/div><div class=\"component link\"> <p class=\"body-small-bold p-0\">Calendario inteligente para estar al corriente de fechas y eventos importantes.<\/p> <\/div> <\/li>                            <li><div class=\"component icon\"><i class=\"fas fa-envelope-open\"><\/i><\/div><div class=\"component link\"> <p class=\"body-small-bold p-0\">Acceso a cartas y firma de autorizaciones para viajes y visitas educativas.<\/p> <\/div> <\/li>                            <li><div class=\"component icon\"><i class=\"fas fa-calendar-alt\"><\/i><\/div><div class=\"component link\"> <p class=\"body-small-bold p-0\">Informaci\u00f3n sobre el horario de cada estudiante.<\/p> <\/div> <\/li>                            <li><div class=\"component icon\"><i class=\"fas fa-file\"><\/i><\/div><div class=\"component link\"> <p class=\"body-small-bold p-0\">Acceso a documentos escolares en \u00abEl Hub\u00bb.<\/p> <\/div> <\/li>                            <li><div class=\"component icon\"><i class=\"fas fa-comments\"><\/i><\/div><div class=\"component link\"> <p class=\"body-small-bold p-0\">Contacto directo entre el colegio y las familias a trav\u00e9s del centro de Mensajes.<\/p> <\/div> <\/li>                        <\/ul>\n                                    <\/div>\n                                <\/div>           <\/div>\n\n                        <\/div><\/div><\/div>  <div class=\"row m-0 justify-content-between\">\n            <div class=\"col-xl-12 col-lg-12 col-md-12 mt-3\">   <\/div>\n        <\/div><\/div><\/section>[\/vc_column][\/vc_row][vc_row][vc_column]\n            <div class=\"wrapper\">\n<section   style='margin-top:-10px;' class=\"section   container-width     \" ><div class=\"container-fluid\"><div class=\"row m-0 centerText\">\n                <div class=\"col-sm-12 col-md-10 col-lg-9 mx-auto\"><div class=\"sub-heading component\">\n                               <div class=\"h5\">C\u00f3mo empezar<\/div>\n                           <\/div><\/div>\n        <\/div><div class=\"row m-0 pt-3 pt-md-5 pb-5 pb-md-0\"><div class=\"left-width-video-v col-md-5 col-lg-4 ps-auto pe-md-0 mb-0\"><div class=\"video-content-sec h-100 section--white topbottom-content\" >\n                    <div class=\"sub-heading component\">\n                    <p class=\"p\">Cuando tu hijo\/a se una a BSB, recibir\u00e1s un c\u00f3digo de registro \u00fanico para inscribirte en Cognita Connect.<br \/>\n<br \/>\nUna vez hecho el registro, solo tienes que navegar por la aplicaci\u00f3n; no tardar\u00e1s en familiarizarte con su accesible interfaz.<br \/>\n<br \/>\n<b>Para no perderte nunca ning\u00fan comunicado, \u00a1usa Cognita Connect!<\/b><\/p>\n                    <\/div> <\/div><\/div><div class=\"full-width-video-v col-md-7 col-lg-8 pe-auto ps-md-0 mt-0\"><div class=\"callout--video center--content \"><div class=\"ratio  callout--video center--content\" style=\"background-image: url(https:\/\/www.britishschoolbarcelona.com\/wp-content\/uploads\/sites\/76\/2023\/01\/Screenshot-494-e1675088662823.png);\"><div class=\"img-overlay \">\n                        <div class=\"component main-icon\" data-bs-toggle=\"modal\" data-bs-target=\"#video-modal6385\">\n                            <i class=\"fa fa-play fa-2x icon--border\"><\/i>\n                        <\/div>\n                    <\/div><\/div><\/div><\/div><\/div><\/div><\/section>\n            <\/div><div class=\"modal fade booking-modal extra--padding _video_modal\" id=\"video-modal6385\" data-bs-backdrop=\"static\" data-bs-keyboard=\"false\" tabindex=\"-1\" aria-labelledby=\"staticBackdropLabel\" aria-hidden=\"true\">\n\t\t\t<div class=\"modal-dialog\">\n\t\t\t  <div class=\"modal-content bg-light\">\n\t\t\t\t<div class=\"modal-body padding-bottom\">\n\t\t\t\t\t<button type=\"button\" class=\"btn-close\" data-bs-dismiss=\"modal\" aria-label=\"Close\"><i class=\"fa fa-times\"><\/i><\/button>\n\t\t\t\t\t<iframe height=\"450\" width=\"100%\" id=\"video-1\"\n\t\t\t\t\tsrc=\"https:\/\/www.youtube.com\/embed\/Z6tDfKAQlRE?enablejsapi=1&version=3&showinfo=0&modestbranding=1\">\n\t\t\t\t <\/iframe>\n\t\t\t\t<\/div>\n\t\t\t  <\/div>\n\t\t\t<\/div>\n\t\t  <\/div>[\/vc_column][\/vc_row][vc_row][vc_column]<section class=\"section section--blue bottom-step TopBottomBorder   \" style=\"background-image: url('https:\/\/www.britishschoolbarcelona.com\/wp-content\/uploads\/sites\/76\/2023\/01\/SH_9448-e1676408372407.jpg');;;\"><style>.bottom-step.section--blue:before {background: rgba(0,0,0,0.4);}<\/style><div class=\"container-fluid\"><div class=\"row\"><div class=\"col-sm-12\"><div class=\"component title\"><p class=\"body-small\">Pr\u00f3ximos pasos<\/p><\/div><\/div><\/div><div class=\"row\"><div class=\"col-md-4\"><div class=\"component linkcard \">\n                                <a class=\"card card--bordered\" href=\"\/es\/puertas-abiertas-y-visitas\/\">\n                                    <div class=\"card-body d-flex align-items-center\">\n                                    <div> <div class=\"component link\">\n                                            <div  class=\"btn btn-link simple-link h5\">Puertas Abiertas y Visitas<\/div>\n                                        <\/div><\/div><\/div><\/a><\/div><\/div><div class=\"col-md-4\"><div class=\"component linkcard \">\n                                <a class=\"card card--bordered\" href=\"\/es\/instalaciones-y-ubicacion\/\">\n                                    <div class=\"card-body d-flex align-items-center\">\n                                    <div> <div class=\"component link\">\n                                            <div  class=\"btn btn-link simple-link h5\">Instalaciones y Ubicaci\u00f3n<\/div>\n                                        <\/div><\/div><\/div><\/a><\/div><\/div><div class=\"col-md-4\"><div class=\"component linkcard \">\n                                <a class=\"card card--bordered\" href=\"\/es\/excelencia-academica\/\">\n                                    <div class=\"card-body d-flex align-items-center\">\n                                    <div> <div class=\"component link\">\n                                            <div  class=\"btn btn-link simple-link h5\">Excelencia Acad\u00e9mica<\/div>\n                                        <\/div><\/div><\/div><\/a><\/div><\/div><\/div><\/section>[\/vc_column][\/vc_row]<\/p>\n<\/div>","protected":false},"excerpt":{"rendered":"<p>[vc_row][vc_column][\/vc_column][\/vc_row][vc_row][vc_column][\/vc_column][\/vc_row][vc_row css=&#8221;.vc_custom_1676408008845{background-image: url(https:\/\/www.britishschoolbarcelona.com\/wp-content\/uploads\/sites\/76\/2023\/02\/Blue-pattern-test1.png?id=21810) !important;background-position: center !important;background-repeat: no-repeat !important;background-size: cover !important;}&#8221;][vc_column][\/vc_column][\/vc_row][vc_row][vc_column][\/vc_column][\/vc_row][vc_row][vc_column][\/vc_column][\/vc_row]<\/p>\n","protected":false},"author":441,"featured_media":0,"parent":0,"menu_order":0,"comment_status":"closed","ping_status":"closed","template":"","meta":{"_acf_changed":false,"footnotes":""},"class_list":["post-24410","page","type-page","status-publish","hentry"],"acf":[],"yoast_head":"<!-- This site is optimized with the Yoast SEO plugin v26.5 - https:\/\/yoast.com\/wordpress\/plugins\/seo\/ -->\n<title>Cognita Connect App - The British School of Barcelona<\/title>\n<meta name=\"description\" content=\"Establecemos una comunicaci\u00f3n flu\u00edda con nuestras familias a trav\u00e9s de nuestra app del colegio Cognita Connect.\" \/>\n<meta name=\"robots\" content=\"index, follow, max-snippet:-1, max-image-preview:large, max-video-preview:-1\" \/>\n<link rel=\"canonical\" href=\"https:\/\/www.britishschoolbarcelona.com\/es\/cognita-connect-app\/\" \/>\n<meta property=\"og:locale\" content=\"es_ES\" \/>\n<meta property=\"og:type\" content=\"article\" \/>\n<meta property=\"og:title\" content=\"Cognita Connect App - The British School of Barcelona\" \/>\n<meta property=\"og:description\" content=\"Establecemos una comunicaci\u00f3n flu\u00edda con nuestras familias a trav\u00e9s de nuestra app del colegio Cognita Connect.\" \/>\n<meta property=\"og:url\" content=\"https:\/\/www.britishschoolbarcelona.com\/es\/cognita-connect-app\/\" \/>\n<meta property=\"og:site_name\" content=\"British School of Barcelona\" \/>\n<meta property=\"article:publisher\" content=\"https:\/\/www.facebook.com\/britishschoolbarcelonacastelldefels\/\" \/>\n<meta property=\"article:modified_time\" content=\"2023-03-06T05:16:47+00:00\" \/>\n<meta property=\"og:image\" content=\"https:\/\/www.britishschoolbarcelona.com\/wp-content\/uploads\/sites\/76\/2024\/06\/bsb-web-imagen-destacada.jpg\" \/>\n\t<meta property=\"og:image:width\" content=\"1200\" \/>\n\t<meta property=\"og:image:height\" content=\"675\" \/>\n\t<meta property=\"og:image:type\" content=\"image\/jpeg\" \/>\n<meta name=\"twitter:card\" content=\"summary_large_image\" \/>\n<meta name=\"twitter:site\" content=\"@BSB_Barcelona\" \/>\n<meta name=\"twitter:label1\" content=\"Tiempo de lectura\" \/>\n\t<meta name=\"twitter:data1\" content=\"1 minuto\" \/>\n<!-- \/ Yoast SEO plugin. -->","yoast_head_json":{"title":"Cognita Connect App - The British School of Barcelona","description":"Establecemos una comunicaci\u00f3n flu\u00edda con nuestras familias a trav\u00e9s de nuestra app del colegio Cognita Connect.","robots":{"index":"index","follow":"follow","max-snippet":"max-snippet:-1","max-image-preview":"max-image-preview:large","max-video-preview":"max-video-preview:-1"},"canonical":"https:\/\/www.britishschoolbarcelona.com\/es\/cognita-connect-app\/","og_locale":"es_ES","og_type":"article","og_title":"Cognita Connect App - The British School of Barcelona","og_description":"Establecemos una comunicaci\u00f3n flu\u00edda con nuestras familias a trav\u00e9s de nuestra app del colegio Cognita Connect.","og_url":"https:\/\/www.britishschoolbarcelona.com\/es\/cognita-connect-app\/","og_site_name":"British School of Barcelona","article_publisher":"https:\/\/www.facebook.com\/britishschoolbarcelonacastelldefels\/","article_modified_time":"2023-03-06T05:16:47+00:00","og_image":[{"width":1200,"height":675,"url":"https:\/\/www.britishschoolbarcelona.com\/wp-content\/uploads\/sites\/76\/2024\/06\/bsb-web-imagen-destacada.jpg","type":"image\/jpeg"}],"twitter_card":"summary_large_image","twitter_site":"@BSB_Barcelona","twitter_misc":{"Tiempo de lectura":"1 minuto"},"schema":{"@context":"https:\/\/schema.org","@graph":[{"@type":"WebPage","@id":"https:\/\/www.britishschoolbarcelona.com\/es\/cognita-connect-app\/","url":"https:\/\/www.britishschoolbarcelona.com\/es\/cognita-connect-app\/","name":"Cognita Connect App - The British School of Barcelona","isPartOf":{"@id":"https:\/\/www.britishschoolbarcelona.com\/es\/#website"},"datePublished":"2023-01-30T13:51:56+00:00","dateModified":"2023-03-06T05:16:47+00:00","description":"Establecemos una comunicaci\u00f3n flu\u00edda con nuestras familias a trav\u00e9s de nuestra app del colegio Cognita Connect.","breadcrumb":{"@id":"https:\/\/www.britishschoolbarcelona.com\/es\/cognita-connect-app\/#breadcrumb"},"inLanguage":"es","potentialAction":[{"@type":"ReadAction","target":["https:\/\/www.britishschoolbarcelona.com\/es\/cognita-connect-app\/"]}]},{"@type":"BreadcrumbList","@id":"https:\/\/www.britishschoolbarcelona.com\/es\/cognita-connect-app\/#breadcrumb","itemListElement":[{"@type":"ListItem","position":1,"name":"Home","item":"https:\/\/www.britishschoolbarcelona.com\/es\/"},{"@type":"ListItem","position":2,"name":"Cognita Connect App"}]},{"@type":"WebSite","@id":"https:\/\/www.britishschoolbarcelona.com\/es\/#website","url":"https:\/\/www.britishschoolbarcelona.com\/es\/","name":"British School of Barcelona","description":"The British School of Barcelona is a private international school in Barcelona, Spain. We deliver the British curriculum &amp; IB. Visit us!","publisher":{"@id":"https:\/\/www.britishschoolbarcelona.com\/es\/#organization"},"alternateName":"BSB","potentialAction":[{"@type":"SearchAction","target":{"@type":"EntryPoint","urlTemplate":"https:\/\/www.britishschoolbarcelona.com\/es\/?s={search_term_string}"},"query-input":{"@type":"PropertyValueSpecification","valueRequired":true,"valueName":"search_term_string"}}],"inLanguage":"es"},{"@type":"Organization","@id":"https:\/\/www.britishschoolbarcelona.com\/es\/#organization","name":"The British School of Barcelona","alternateName":"BSB","url":"https:\/\/www.britishschoolbarcelona.com\/es\/","logo":{"@type":"ImageObject","inLanguage":"es","@id":"https:\/\/www.britishschoolbarcelona.com\/es\/#\/schema\/logo\/image\/","url":"https:\/\/www.britishschoolbarcelona.com\/wp-content\/uploads\/sites\/76\/2023\/01\/BSB-logo.png","contentUrl":"https:\/\/www.britishschoolbarcelona.com\/wp-content\/uploads\/sites\/76\/2023\/01\/BSB-logo.png","width":1920,"height":1357,"caption":"The British School of Barcelona"},"image":{"@id":"https:\/\/www.britishschoolbarcelona.com\/es\/#\/schema\/logo\/image\/"},"sameAs":["https:\/\/www.facebook.com\/britishschoolbarcelonacastelldefels\/","https:\/\/x.com\/BSB_Barcelona","https:\/\/www.instagram.com\/britishschoolbarcelona\/","https:\/\/www.youtube.com\/channel\/UC-Cc996mIB8CwmapwNYQKvg","https:\/\/es.linkedin.com\/school\/british-school-of-barcelona\/"]}]}},"jetpack_sharing_enabled":true,"_links":{"self":[{"href":"https:\/\/www.britishschoolbarcelona.com\/es\/wp-json\/wp\/v2\/pages\/24410","targetHints":{"allow":["GET"]}}],"collection":[{"href":"https:\/\/www.britishschoolbarcelona.com\/es\/wp-json\/wp\/v2\/pages"}],"about":[{"href":"https:\/\/www.britishschoolbarcelona.com\/es\/wp-json\/wp\/v2\/types\/page"}],"author":[{"embeddable":true,"href":"https:\/\/www.britishschoolbarcelona.com\/es\/wp-json\/wp\/v2\/users\/441"}],"replies":[{"embeddable":true,"href":"https:\/\/www.britishschoolbarcelona.com\/es\/wp-json\/wp\/v2\/comments?post=24410"}],"version-history":[{"count":8,"href":"https:\/\/www.britishschoolbarcelona.com\/es\/wp-json\/wp\/v2\/pages\/24410\/revisions"}],"predecessor-version":[{"id":62481,"href":"https:\/\/www.britishschoolbarcelona.com\/es\/wp-json\/wp\/v2\/pages\/24410\/revisions\/62481"}],"wp:attachment":[{"href":"https:\/\/www.britishschoolbarcelona.com\/es\/wp-json\/wp\/v2\/media?parent=24410"}],"curies":[{"name":"wp","href":"https:\/\/api.w.org\/{rel}","templated":true}]}}