
     {"id":60944,"date":"2021-11-08T15:59:53","date_gmt":"2021-11-08T14:59:53","guid":{"rendered":"https:\/\/www.britishschoolbarcelona.com\/?page_id=60944"},"modified":"2025-07-21T09:13:30","modified_gmt":"2025-07-21T07:13:30","slug":"itinerarios-personalizados","status":"publish","type":"page","link":"https:\/\/www.britishschoolbarcelona.com\/es\/itinerarios-personalizados\/","title":{"rendered":"Itinerarios Personalizados"},"content":{"rendered":"<div class=\"wpb-content-wrapper\"><p>[vc_row][vc_column]<section  class=\"bg-video-wrap hero section hero--centertext  small-header \" style='background: url(https:\/\/www.britishschoolbarcelona.com\/wp-content\/uploads\/sites\/76\/2023\/02\/348A2922.jpg) center ;background-size:cover ;'>\n                <div class=\"bg-overlay\" style='background:#000000;opacity:0.3;'><\/div>\n                <div class=\"overlay\" >\n                  <div class=\"container-fluid\">\n                    <div class=\"row\">\n                      <div class=\"col-md-12 col-lg-12\">\n\n                        <div class=\"caption text-start\"><div class=\"component sub-heading\" >\n                              <h1 class=\"display-h1\">Itinerarios Personalizados<\/h1>\n                            <\/div><\/div>\n                      <\/div>\n                    <\/div>\n                  <\/div>\n                <\/div>\n              <\/section><div class='row  m-x-0 breadcrumb-wrap ' style=''><div class='container-fluid' >\n                <nav aria-label='breadcrumb'><ol class=\"breadcrumb mt-3\">\n                  <li class=\"breadcrumb-item\"><a href=\"https:\/\/www.britishschoolbarcelona.com\/es\/\">Home<\/a><\/li>\n                  <li class=\"breadcrumb-item active\" aria-current=\"page\">Itinerarios Personalizados<\/li>\n                <\/ol>\n              <\/nav>\n              <\/div>\n            <\/div>[\/vc_column][\/vc_row][vc_row][vc_column]\n            <div class=\"wrapper\">\n    <section  style='' class=\"section    container-width    \" ><div class=\"container-fluid\"><div class=\"row  justify-content-between  \"><div class=\" col-lg-6 col-md-6      \" ><div class=\"component mb-1 mt-0  radius-bottom-LR \" style='px'><div class=\"sub-heading component\"><h2  class=\"h6  \">Garantizamos una educaci\u00f3n personalizada<\/h2><\/div>\n                        <div class=\"sub-heading component \">\n                        <p class=\"body-medium\">En BSB nos aseguramos de que nuestro alumnado tiene la posibilidad de elegir libremente su itinerario formativo siempre que sea posible.<br \/>\n<br \/>\nNo obstante, somos conscientes de que para poder hacer esta elecci\u00f3n es necesario que tanto ellos\/as como sus familias reciban el m\u00e1ximo de informaci\u00f3n y soporte.<\/p>\n                        <\/div><\/div><\/div>\n                    <div class=\"col-lg-5 col-md-6    \"><div class=\"component IconWithText-list\">\n                    <div class=\"card\"><div class=\"card-header section--blue\" style='background-color:#00247d;px'>\n                            <div class=\"sub-heading component mb-0\">\n                                <p class=\"body-medium\">Ver m\u00e1s:<\/p>\n                            <\/div>\n                        <\/div><div class=\"card-body section--white\">\n                            <div class=\"component list list--IconWithText-list bordered--icon blue-icon\">\n                                <ul><li><div class=\"component link\"><a href=\"#un-enfoque-educativo-transdisciplinar\" class=\" btn btn-link\">Un enfoque educativo transdisciplinar<\/a><\/div><\/li><li><div class=\"component link\"><a href=\"#un-curriculo-hecho-a-medida\" class=\" btn btn-link\">Un curr\u00edculo hecho a medida<\/a><\/div><\/li><li><div class=\"component link\"><a href=\"#libertad-para-elegir-itinerario-en-bachillerato\" class=\" btn btn-link\">Libertad para elegir itinerario en Bachillerato<\/a><\/div><\/li><li><div class=\"component link\"><a href=\"#fomentamos-el-amor-por-el-aprendizaje\" class=\" btn btn-link\">Fomentamos el amor por el aprendizaje<\/a><\/div><\/li><li><div class=\"component link\"><a href=\"#resultados-excelentes\" class=\" btn btn-link\">Resultados excelentes<\/a><\/div><\/li>              <\/ul>\n                            <\/div>\n                    <\/div>  <\/div>\n            <\/div> <\/div>\n             <\/div>\n        <\/div>\n<\/section>\n            <\/div><section  class=\"section callout-img full--img  has-bg-image   \" style=\"background-image: url('https:\/\/www.britishschoolbarcelona.com\/wp-content\/uploads\/sites\/76\/2023\/01\/SH_9155.jpg'); background-size: cover;\"margin-bottom:5px;><div class=\"img-overlay overlay8989\"><\/div><div class=\"container-fluid\">\n                                <div class=\"row \"><style>\n                @media (max-width: 767px) {\n                    .img_overlay_uniq6739 {\n                        width: 90%;\n                    }\n                }\n                <\/style><div class=\"col-lg-12 col-md-12\">\n                                    <div class=\"heading component\">\n                                    <div class=\"\" >\n                                    <div class=\"img-overlay-middle img_overlay_uniq6739\" style=\" \">\n                                    <div><div class=\"heading component\">\n                                                    <div class=\"h4\">\u00abEl curr\u00edculo se imparte gracias a lecciones bien estructuradas y atractivas, cuidadosamente planificadas para cubrir las necesidades de todo el alumnado.\u00bb<\/div>\n                                                <\/div><div class=\"heading component\">\n                                                                        <p class=\"body-large\"><\/p>\n<h6>\u2014 The British School of Barcelona, Informe BSO 2024<\/h6>\n<p><\/p>\n                                                                    <\/div><div class=\"component link cust-link\"><\/div><\/div>\n                                                    <\/div>\n                                                <\/div>\n                                            <\/div>\n                                        \n                                        <\/div>\n                                    <\/div>\n                                <\/div>\n                            <\/section>[\/vc_column][\/vc_row][vc_row css=&#8221;.vc_custom_1675853224469{background-image: url(https:\/\/www.britishschoolbarcelona.com\/wp-content\/uploads\/sites\/76\/2023\/02\/red-pattern-test2.png?id=22257) !important;background-position: center !important;background-repeat: no-repeat !important;background-size: cover !important;}&#8221;][vc_column]\n    <section  id=\"un-enfoque-educativo-transdisciplinar\"  style='margin-bottom:5px;' class=\"section     pb-0 white-section  \" ><div class=\"container-fluid\"><div class=\"row    \"><div class=\" col-lg-6 col-md-6      \" ><div class=\"component mb-1 mt-0  radius-bottom-LR \" style='px'><div class=\"sub-heading component\"><h2  class=\"h6  \">Un enfoque educativo transdisciplinar<\/h2><\/div>\n                        <div class=\"sub-heading component \">\n                        <p class=\"body-medium\">Nos centramos en ofrecer al alumnado m\u00e1s libertad de elecci\u00f3n sobre su aprendizaje. Esto empieza en Primaria, con los proyectos transdisciplinares, que permiten interconectar diferentes \u00e1reas del curr\u00edculo para crear conexiones entre ellas. Esto da al aprendizaje un rigor y sentido reales que animan a los\/as alumnos\/as a querer seguir profundizando.<br \/>\n<br \/>\nEn Years 7 y 8 continuamos trabajando en este enfoque basado en la investigaci\u00f3n, combinando varias asignaturas en lo que denominamos \u00abProyectos de Aprendizaje Integrado\u00bb.<\/p>\n                        <\/div><\/div><\/div>\n                    <div class=\"col-lg-6 col-md-6    \"><div class=\"component single-img \"><div class=\"ratio ratio-16x9 callout-img halfcol--img image_overlay_2399\" style=\"background-image: url(https:\/\/www.britishschoolbarcelona.com\/wp-content\/uploads\/sites\/76\/2023\/01\/Screenshot-491.png);\"><\/div><\/div> <\/div>\n             <\/div>\n        <\/div>\n<\/section>\n    <section  style='margin-top:60px;margin-bottom:5px;' class=\"section     pt-0 white-section  \" ><div class=\"container-fluid\"><div class=\"row    \"><div class=\" col-lg-6 col-md-6      \" ><div class=\"component link\"><div class=\"ratio ratio-21x9 callout-img halfcol--img image_overlay_6290\" style=\"background-image: url(https:\/\/www.britishschoolbarcelona.com\/wp-content\/uploads\/sites\/76\/2023\/01\/Screenshot-492.png);\"><\/div><\/div><\/div>\n                    <div class=\"col-lg-6 col-md-6    \"><div class=\"component mb-1 mt-0  radius-bottom-LR \" style='px'>\n                        <div class=\"sub-heading component \">\n                        <p class=\"body-medium\">Estos fomentan que el alumnado piense de forma creativa, adopte una mentalidad abierta y busque conexiones entre las diferentes disciplinas. Se les anima a buscar enfoques alternativos, a escoger qu\u00e9 rol quieren ocupar en sus grupos de trabajo y a tomar decisiones sobre los posibles resultados del proyecto.<br \/>\n<br \/>\nEn BSB, todo el alumnado recibe orientaci\u00f3n constante por parte del equipo docente, pero se les anima a pensar de forma aut\u00f3noma en todo momento. Los beneficios de este enfoque son evidentes en todas las asignaturas.<\/p>\n                        <\/div><\/div> <\/div>\n             <\/div>\n        <\/div>\n<\/section>[\/vc_column][\/vc_row][vc_row][vc_column]\n    <section  id=\"un-curriculo-hecho-a-medida\"  style='background-image: url(https:\/\/www.britishschoolbarcelona.com\/wp-content\/uploads\/sites\/76\/2023\/02\/Grey-top.png);margin-top:5px;margin-bottom:5px;' class=\"section   section--white    section--withBG \" ><div class=\"bg-overlay\" ><\/div><div class=\"container-fluid\"><div class=\"row    \"><div class=\" col-lg-6 col-md-6      \" ><div class=\"component link\"><div class=\"ratio ratio-4x3 callout-img halfcol--img image_overlay_9654\" style=\"background-image: url(https:\/\/www.britishschoolbarcelona.com\/wp-content\/uploads\/sites\/76\/2023\/01\/Screenshot-493.png);\"><\/div><\/div><\/div>\n                    <div class=\"col-lg-6 col-md-6    \"><div class=\"component mb-1 mt-0  radius-bottom-LR \" style='px'><div class=\"sub-heading component\"><h2  class=\"h6  \">Un curr\u00edculo hecho a medida<\/h2><\/div>\n                        <div class=\"sub-heading component \">\n                        <p class=\"body-medium\">A partir de Year 8, permitimos, y fomentamos, que el alumnado empiece a tomar decisiones sobre el itinerario formativo que desea cursar.<br \/>\n<br \/>\nEn Year 9, adem\u00e1s del programa troncal, tambi\u00e9n les damos la posibilidad de escoger seis asignaturas optativas con el objetivo de que empiecen a pensar qu\u00e9 le gustar\u00eda seguir estudiando cuando llegue el momento de decidir sus GCSE. Al ofrecerles esta flexibilidad, el alumnado se implica m\u00e1s en sus asignaturas.<br \/>\n<br \/>\nAsimismo, los\/as estudiantes reciben toda la informaci\u00f3n necesaria sobre los tres modelos de optativas que pueden cursar en sus GCSE para que tengan \u00e9xito en los ex\u00e1menes.<\/p>\n                        <\/div><\/div> <\/div>\n             <\/div>\n        <\/div>\n<\/section>[\/vc_column][\/vc_row][vc_row][vc_column]\n    <section  id=\"libertad-para-elegir-itinerario-en-bachillerato\"  style='background-image: url(https:\/\/www.britishschoolbarcelona.com\/wp-content\/uploads\/sites\/76\/2023\/02\/blue-top.png);margin-bottom:5px;' class=\"section   section--blue    section--withBG \" ><div class=\"bg-overlay\" ><\/div><div class=\"container-fluid\"><div class=\"row    \"><div class=\" col-lg-6 col-md-6      \" ><div class=\"component mb-1 mt-0  radius-bottom-LR \" style='px'><div class=\"sub-heading component\"><h2  class=\"h6  \">Libertad para elegir itinerario en Bachillerato<\/h2><\/div>\n                        <div class=\"sub-heading component \">\n                        <p class=\"body-medium\">Para los dos \u00faltimos cursos de su educaci\u00f3n en BSB Nexus, el alumnado puede elegir entre cursar el Programa del Diploma del Bachillerato Internacional (IBDP) o los A Levels, y una vez escogido un itinerario, aun pueden personalizar m\u00e1s sus estudios escogiendo las asignaturas. Los\/as estudiantes de IBDP deber\u00e1n elegir seis asignaturas y en A Levels la mayor\u00eda escoge cuatro. <br \/>\n<br \/>\nSomos conscientes de que tener libertad de elecci\u00f3n es fant\u00e1stico, pero tambi\u00e9n que esta debe ir acompa\u00f1ada por un programa de orientaci\u00f3n de calidad. Nuestro equipo de tutores\/as, docentes y coordinadores\/as ofrecen la m\u00e1xima informaci\u00f3n y apoyo \u2014adem\u00e1s de la flexibilidad necesaria siempre que sea posible\u2014 para garantizar que el alumnado est\u00e1 seguro y satisfecho con el itinerario que ha escogido.<\/p>\n                        <\/div><\/div><\/div>\n                    <div class=\"col-lg-6 col-md-6    \"><div class=\"component single-img \"><div class=\"ratio ratio-4x3 callout-img halfcol--img image_overlay_2687\" style=\"background-image: url(https:\/\/www.britishschoolbarcelona.com\/wp-content\/uploads\/sites\/76\/2023\/01\/SH_8101.jpg);\"><\/div><\/div> <\/div>\n             <\/div>\n        <\/div>\n<\/section>[\/vc_column][\/vc_row][vc_row][vc_column]\n    <section  id=\"fomentamos-el-amor-por-el-aprendizaje\"  style='background-image: url(https:\/\/www.britishschoolbarcelona.com\/wp-content\/uploads\/sites\/76\/2023\/02\/red-pattern-test2.png);margin-bottom:5px;' class=\"section   section--blue    section--withBG \" ><div class=\"bg-overlay\" ><\/div><div class=\"container-fluid\"><div class=\"row    \"><div class=\" col-lg-6 col-md-6      \" ><div class=\"component link\"><div class=\"ratio ratio-4x3 callout-img halfcol--img image_overlay_8982\" style=\"background-image: url(https:\/\/www.britishschoolbarcelona.com\/wp-content\/uploads\/sites\/76\/2023\/01\/SH_2549.jpg);\"><\/div><\/div><\/div>\n                    <div class=\"col-lg-6 col-md-6    \"><div class=\"component mb-1 mt-0  radius-bottom-LR \" style='px'><div class=\"sub-heading component\"><h2  class=\"h6  \">Fomentamos el amor por el aprendizaje<\/h2><\/div>\n                        <div class=\"sub-heading component \">\n                        <p class=\"body-medium\">Los H\u00e1bitos de Aprendizaje de BSB est\u00e1n dise\u00f1ados para asegurar que el aprendizaje va m\u00e1s all\u00e1 de los contenidos propios de la materia. Ya sea para fomentar la Organizaci\u00f3n y la Socializaci\u00f3n, o para promover el Liderazgo y la Determinaci\u00f3n, planificamos las clases, las asambleas, las Societies y las actividades extraescolares con el objetivo de desarrollar estos y otros h\u00e1bitos y habilidades que resultan de gran utilidad tanto en el colegio como en la vida adulta.<br \/>\n<br \/>\nEl valor que otorgamos a la metacognici\u00f3n y al fomento de la creatividad y la resiliencia hace que el alumnado considere el colegio como un lugar en el que puede tomar el control de su aprendizaje y desarrollar una verdadera pasi\u00f3n por las asignaturas y las actividades en las que participa.<\/p>\n                        <\/div><\/div> <\/div>\n             <\/div>\n        <\/div>\n<\/section>\n    <section  id=\"resultados-excelentes\"  style='background-image: url(https:\/\/www.britishschoolbarcelona.com\/wp-content\/uploads\/sites\/76\/2023\/02\/Grey-top.png);margin-bottom:5px;' class=\"section   section--white    section--withBG \" ><div class=\"bg-overlay\" ><\/div><div class=\"container-fluid\"><div class=\"row    \"><div class=\" col-lg-6 col-md-6      \" ><div class=\"component mb-1 mt-0  radius-bottom-LR \" style='px'><div class=\"sub-heading component\"><h2  class=\"h6  \">Resultados excelentes<\/h2><\/div>\n                        <div class=\"sub-heading component \">\n                        <p class=\"body-medium\">Uno de los principales resultados de ofrecer esta libertad de elecci\u00f3n y el apoyo que otorgamos al alumnado son los excelentes resultados de los ex\u00e1menes en todos los cursos: est\u00e1n muy por encima de la media nacional y son prueba de su alto nivel de rendimiento y progreso.<br \/>\n<br \/>\nTodos los a\u00f1os, varios\/as estudiantes recibe certificados por parte de los organismos examinadores por conseguir las notas m\u00e1s elevadas en determinadas asignaturas de toda Espa\u00f1a o de Europa.<\/p>\n                        <\/div><\/div><div class=\"component link\"><a href=\"\/es\/excelencia-academica\/\" class=\" btn btn-link\">Conoce m\u00e1s sobre el Rendimiento Acad\u00e9mico<\/a><\/div><\/div>\n                    <div class=\"col-lg-6 col-md-6    \"><div class=\"component single-img \"><div class=\"ratio ratio-16x9 callout-img halfcol--img image_overlay_4863\" style=\"background-image: url(https:\/\/www.britishschoolbarcelona.com\/wp-content\/uploads\/sites\/76\/2023\/01\/SH_9217.jpg);\"><\/div><\/div> <\/div>\n             <\/div>\n        <\/div>\n<\/section>[\/vc_column][\/vc_row][vc_row][vc_column]<section class=\"section section--blue bottom-step TopBottomBorder   \" style=\"background-image: url('https:\/\/www.britishschoolbarcelona.com\/wp-content\/uploads\/sites\/76\/2023\/01\/SH_0740-e1676989461114.jpg');;;\"><style>.bottom-step.section--blue:before {background: rgba(0,0,0,0.4);}<\/style><div class=\"container-fluid\"><div class=\"row\"><div class=\"col-sm-12\"><div class=\"component title\"><p class=\"body-small\">Pr\u00f3ximos pasos<\/p><\/div><\/div><\/div><div class=\"row\"><div class=\"col-md-4\"><div class=\"component linkcard \">\n                                <a class=\"card card--bordered\" href=\"\/es\/puertas-abiertas-y-visitas\/\">\n                                    <div class=\"card-body d-flex align-items-center\">\n                                    <div> <div class=\"component link\">\n                                            <div  class=\"btn btn-link simple-link h5\">Puertas Abiertas y Visitas<\/div>\n                                        <\/div><\/div><\/div><\/a><\/div><\/div><div class=\"col-md-4\"><div class=\"component linkcard \">\n                                <a class=\"card card--bordered\" href=\"\/es\/instalaciones-y-ubicacion\/\">\n                                    <div class=\"card-body d-flex align-items-center\">\n                                    <div> <div class=\"component link\">\n                                            <div  class=\"btn btn-link simple-link h5\">Instalaciones y Ubicaci\u00f3n<\/div>\n                                        <\/div><\/div><\/div><\/a><\/div><\/div><div class=\"col-md-4\"><div class=\"component linkcard \">\n                                <a class=\"card card--bordered\" href=\"\/es\/excelencia-academica\/\">\n                                    <div class=\"card-body d-flex align-items-center\">\n                                    <div> <div class=\"component link\">\n                                            <div  class=\"btn btn-link simple-link h5\">Excelencia Acad\u00e9mica<\/div>\n                                        <\/div><\/div><\/div><\/a><\/div><\/div><\/div><\/section>[\/vc_column][\/vc_row]<\/p>\n<\/div>","protected":false},"excerpt":{"rendered":"<p>[vc_row][vc_column][\/vc_column][\/vc_row][vc_row][vc_column][\/vc_column][\/vc_row][vc_row css=&#8221;.vc_custom_1675853224469{background-image: url(https:\/\/www.britishschoolbarcelona.com\/wp-content\/uploads\/sites\/76\/2023\/02\/red-pattern-test2.png?id=22257) !important;background-position: center !important;background-repeat: no-repeat !important;background-size: cover !important;}&#8221;][vc_column][\/vc_column][\/vc_row][vc_row][vc_column][\/vc_column][\/vc_row][vc_row][vc_column][\/vc_column][\/vc_row][vc_row][vc_column][\/vc_column][\/vc_row][vc_row][vc_column][\/vc_column][\/vc_row]<\/p>\n","protected":false},"author":390,"featured_media":0,"parent":0,"menu_order":0,"comment_status":"closed","ping_status":"closed","template":"","meta":{"_acf_changed":false,"footnotes":""},"class_list":["post-60944","page","type-page","status-publish","hentry"],"acf":[],"yoast_head":"<!-- This site is optimized with the Yoast SEO plugin v26.5 - https:\/\/yoast.com\/wordpress\/plugins\/seo\/ -->\n<title>Itinerarios personalizados para cada estudiante - BSB<\/title>\n<meta name=\"description\" content=\"En BSB nos aseguramos de que los estudiantes puedan personalizar su aprendizaje a lo largo de su itinerario acad\u00e9mico.\" \/>\n<meta name=\"robots\" content=\"index, follow, max-snippet:-1, max-image-preview:large, max-video-preview:-1\" \/>\n<link rel=\"canonical\" href=\"https:\/\/www.britishschoolbarcelona.com\/es\/itinerarios-personalizados\/\" \/>\n<meta property=\"og:locale\" content=\"es_ES\" \/>\n<meta property=\"og:type\" content=\"article\" \/>\n<meta property=\"og:title\" content=\"Itinerarios personalizados para cada estudiante - BSB\" \/>\n<meta property=\"og:description\" content=\"En BSB nos aseguramos de que los estudiantes puedan personalizar su aprendizaje a lo largo de su itinerario acad\u00e9mico.\" \/>\n<meta property=\"og:url\" content=\"https:\/\/www.britishschoolbarcelona.com\/es\/itinerarios-personalizados\/\" \/>\n<meta property=\"og:site_name\" content=\"British School of Barcelona\" \/>\n<meta property=\"article:publisher\" content=\"https:\/\/www.facebook.com\/britishschoolbarcelonacastelldefels\/\" \/>\n<meta property=\"article:modified_time\" content=\"2025-07-21T07:13:30+00:00\" \/>\n<meta property=\"og:image\" content=\"https:\/\/www.britishschoolbarcelona.com\/wp-content\/uploads\/sites\/76\/2024\/06\/bsb-web-imagen-destacada.jpg\" \/>\n\t<meta property=\"og:image:width\" content=\"1200\" \/>\n\t<meta property=\"og:image:height\" content=\"675\" \/>\n\t<meta property=\"og:image:type\" content=\"image\/jpeg\" \/>\n<meta name=\"twitter:card\" content=\"summary_large_image\" \/>\n<meta name=\"twitter:site\" content=\"@BSB_Barcelona\" \/>\n<meta name=\"twitter:label1\" content=\"Tiempo de lectura\" \/>\n\t<meta name=\"twitter:data1\" content=\"2 minutos\" \/>\n<!-- \/ Yoast SEO plugin. -->","yoast_head_json":{"title":"Itinerarios personalizados para cada estudiante - BSB","description":"En BSB nos aseguramos de que los estudiantes puedan personalizar su aprendizaje a lo largo de su itinerario acad\u00e9mico.","robots":{"index":"index","follow":"follow","max-snippet":"max-snippet:-1","max-image-preview":"max-image-preview:large","max-video-preview":"max-video-preview:-1"},"canonical":"https:\/\/www.britishschoolbarcelona.com\/es\/itinerarios-personalizados\/","og_locale":"es_ES","og_type":"article","og_title":"Itinerarios personalizados para cada estudiante - BSB","og_description":"En BSB nos aseguramos de que los estudiantes puedan personalizar su aprendizaje a lo largo de su itinerario acad\u00e9mico.","og_url":"https:\/\/www.britishschoolbarcelona.com\/es\/itinerarios-personalizados\/","og_site_name":"British School of Barcelona","article_publisher":"https:\/\/www.facebook.com\/britishschoolbarcelonacastelldefels\/","article_modified_time":"2025-07-21T07:13:30+00:00","og_image":[{"width":1200,"height":675,"url":"https:\/\/www.britishschoolbarcelona.com\/wp-content\/uploads\/sites\/76\/2024\/06\/bsb-web-imagen-destacada.jpg","type":"image\/jpeg"}],"twitter_card":"summary_large_image","twitter_site":"@BSB_Barcelona","twitter_misc":{"Tiempo de lectura":"2 minutos"},"schema":{"@context":"https:\/\/schema.org","@graph":[{"@type":"WebPage","@id":"https:\/\/www.britishschoolbarcelona.com\/es\/itinerarios-personalizados\/","url":"https:\/\/www.britishschoolbarcelona.com\/es\/itinerarios-personalizados\/","name":"Itinerarios personalizados para cada estudiante - BSB","isPartOf":{"@id":"https:\/\/www.britishschoolbarcelona.com\/es\/#website"},"datePublished":"2021-11-08T14:59:53+00:00","dateModified":"2025-07-21T07:13:30+00:00","description":"En BSB nos aseguramos de que los estudiantes puedan personalizar su aprendizaje a lo largo de su itinerario acad\u00e9mico.","breadcrumb":{"@id":"https:\/\/www.britishschoolbarcelona.com\/es\/itinerarios-personalizados\/#breadcrumb"},"inLanguage":"es","potentialAction":[{"@type":"ReadAction","target":["https:\/\/www.britishschoolbarcelona.com\/es\/itinerarios-personalizados\/"]}]},{"@type":"BreadcrumbList","@id":"https:\/\/www.britishschoolbarcelona.com\/es\/itinerarios-personalizados\/#breadcrumb","itemListElement":[{"@type":"ListItem","position":1,"name":"Home","item":"https:\/\/www.britishschoolbarcelona.com\/es\/"},{"@type":"ListItem","position":2,"name":"Itinerarios Personalizados"}]},{"@type":"WebSite","@id":"https:\/\/www.britishschoolbarcelona.com\/es\/#website","url":"https:\/\/www.britishschoolbarcelona.com\/es\/","name":"British School of Barcelona","description":"The British School of Barcelona is a private international school in Barcelona, Spain. We deliver the British curriculum &amp; IB. Visit us!","publisher":{"@id":"https:\/\/www.britishschoolbarcelona.com\/es\/#organization"},"alternateName":"BSB","potentialAction":[{"@type":"SearchAction","target":{"@type":"EntryPoint","urlTemplate":"https:\/\/www.britishschoolbarcelona.com\/es\/?s={search_term_string}"},"query-input":{"@type":"PropertyValueSpecification","valueRequired":true,"valueName":"search_term_string"}}],"inLanguage":"es"},{"@type":"Organization","@id":"https:\/\/www.britishschoolbarcelona.com\/es\/#organization","name":"The British School of Barcelona","alternateName":"BSB","url":"https:\/\/www.britishschoolbarcelona.com\/es\/","logo":{"@type":"ImageObject","inLanguage":"es","@id":"https:\/\/www.britishschoolbarcelona.com\/es\/#\/schema\/logo\/image\/","url":"https:\/\/www.britishschoolbarcelona.com\/wp-content\/uploads\/sites\/76\/2023\/01\/BSB-logo.png","contentUrl":"https:\/\/www.britishschoolbarcelona.com\/wp-content\/uploads\/sites\/76\/2023\/01\/BSB-logo.png","width":1920,"height":1357,"caption":"The British School of Barcelona"},"image":{"@id":"https:\/\/www.britishschoolbarcelona.com\/es\/#\/schema\/logo\/image\/"},"sameAs":["https:\/\/www.facebook.com\/britishschoolbarcelonacastelldefels\/","https:\/\/x.com\/BSB_Barcelona","https:\/\/www.instagram.com\/britishschoolbarcelona\/","https:\/\/www.youtube.com\/channel\/UC-Cc996mIB8CwmapwNYQKvg","https:\/\/es.linkedin.com\/school\/british-school-of-barcelona\/"]}]}},"jetpack_sharing_enabled":true,"_links":{"self":[{"href":"https:\/\/www.britishschoolbarcelona.com\/es\/wp-json\/wp\/v2\/pages\/60944","targetHints":{"allow":["GET"]}}],"collection":[{"href":"https:\/\/www.britishschoolbarcelona.com\/es\/wp-json\/wp\/v2\/pages"}],"about":[{"href":"https:\/\/www.britishschoolbarcelona.com\/es\/wp-json\/wp\/v2\/types\/page"}],"author":[{"embeddable":true,"href":"https:\/\/www.britishschoolbarcelona.com\/es\/wp-json\/wp\/v2\/users\/390"}],"replies":[{"embeddable":true,"href":"https:\/\/www.britishschoolbarcelona.com\/es\/wp-json\/wp\/v2\/comments?post=60944"}],"version-history":[{"count":19,"href":"https:\/\/www.britishschoolbarcelona.com\/es\/wp-json\/wp\/v2\/pages\/60944\/revisions"}],"predecessor-version":[{"id":74270,"href":"https:\/\/www.britishschoolbarcelona.com\/es\/wp-json\/wp\/v2\/pages\/60944\/revisions\/74270"}],"wp:attachment":[{"href":"https:\/\/www.britishschoolbarcelona.com\/es\/wp-json\/wp\/v2\/media?parent=60944"}],"curies":[{"name":"wp","href":"https:\/\/api.w.org\/{rel}","templated":true}]}}