
     {"id":8038,"date":"2021-10-18T13:08:00","date_gmt":"2021-10-18T11:08:00","guid":{"rendered":"https:\/\/www.britishschoolbarcelona.com\/?page_id=8038"},"modified":"2025-09-26T11:55:27","modified_gmt":"2025-09-26T09:55:27","slug":"trabaja-en-bsb","status":"publish","type":"page","link":"https:\/\/www.britishschoolbarcelona.com\/es\/trabaja-en-bsb\/","title":{"rendered":"Trabaja en BSB"},"content":{"rendered":"<div class=\"wpb-content-wrapper\"><p>[vc_row][vc_column]<section  class=\"bg-video-wrap hero section hero--centertext   \" style='background: url(https:\/\/www.britishschoolbarcelona.com\/wp-content\/uploads\/sites\/76\/2023\/01\/SH_2452-1-e1676454480132.jpg) top ;background-size:cover ;'>\n                <div class=\"bg-overlay\" style='background:#000000;opacity:0.4;'><\/div>\n                <div class=\"overlay\" >\n                  <div class=\"container-fluid\">\n                    <div class=\"row\">\n                      <div class=\"col-md-12 col-lg-12\">\n\n                        <div class=\"caption text-start\"><div class=\"component sub-heading\" >\n                              <h1 class=\"display-h1\">Trabaja en BSB<\/h1>\n                            <\/div><\/div>\n                      <\/div>\n                    <\/div>\n                  <\/div>\n                <\/div>\n              <\/section><div class='row  m-x-0 breadcrumb-wrap ' style=''><div class='container-fluid' >\n                <nav aria-label='breadcrumb'><ol class=\"breadcrumb mt-3\">\n                  <li class=\"breadcrumb-item\"><a href=\"https:\/\/www.britishschoolbarcelona.com\/es\/\">Home<\/a><\/li>\n                  <li class=\"breadcrumb-item active\" aria-current=\"page\">Trabaja en BSB<\/li>\n                <\/ol>\n              <\/nav>\n              <\/div>\n            <\/div>[\/vc_column][\/vc_row][vc_row][vc_column]\n            <div class=\"wrapper\">\n    <section  style='' class=\"section    container-width    \" ><div class=\"container-fluid\"><div class=\"row    \"><div class=\" col-lg-8 col-md-8      \" ><div class=\"component mb-1 mt-0  radius-bottom-LR \" style='px'><div class=\"sub-heading component\"><h2  class=\"h6  \">\u00danete al Equipo de BSB<\/h2><\/div>\n                        <div class=\"sub-heading component \">\n                        <p class=\"body-medium\">Gracias por tu inter\u00e9s en unirte al Equipo de BSB. Para postularte a puestos tanto docentes como no docentes en The British School of Barcelona, haz <a href=\"https:\/\/cognitapeople.csod.com\/ux\/ats\/careersite\/1\/home?c=cognitapeople&country=es\"><b>clic aqu\u00ed<\/b><\/a> para ver las vacantes disponibles actualmente.<br \/>\n<br \/>\nSi tu candidatura no se ajusta a ninguno de los puestos en la lista de Cognita Careers, no dudes en enviarnos tu CV a <a href=\"mailto:jobs@bsb.edu.es\"><b>jobs@bsb.edu.es<\/b><\/a>.<\/b> Debido al alto n\u00famero de solicitudes que recibimos, es posible que no podamos responderte inmediatamente, pero nos pondremos en contacto contigo para futuros puestos que se adec\u00faen a tu perfil.<br \/>\n<br \/>\nLos colegios Cognita se comprometen a proteger y promover el bienestar de los\/as ni\u00f1os\/as y j\u00f3venes y se espera que su personal, voluntariado y terceras personas compartan esta visi\u00f3n.<br \/>\n<br \/>\nAntes de confirmar cualquier incorporaci\u00f3n, llevamos a cabo pr\u00e1cticas de contrataci\u00f3n seguras y verificamos sus antecedentes policiales. Verificaremos los antecedentes de cada aspirante tanto en Espa\u00f1a como en cualquier pa\u00eds en el que haya vivido durante tres meses o m\u00e1s en los \u00faltimos diez a\u00f1os.<\/p>\n                        <\/div><\/div><\/div>\n                    <div class=\"col-lg-4 col-md-4    \"><div class=\"component IconWithText-list\">\n                    <div class=\"card\"><div class=\"card-header section--blue\" style='background-color:#00247d;px'>\n                            <div class=\"sub-heading component mb-0\">\n                                <p class=\"body-medium\">Ver m\u00e1s:<\/p>\n                            <\/div>\n                        <\/div><div class=\"card-body section--white\">\n                            <div class=\"component list list--IconWithText-list bordered--icon blue-icon\">\n                                <ul><li><div class=\"component link\"><a href=\"#how-to-apply\" class=\" btn btn-link\">C\u00f3mo presentar tu candidatura<\/a><\/div><\/li><li><div class=\"component link\"><a href=\"#about-us\" class=\" btn btn-link\">Sobre BSB<\/a><\/div><\/li><li><div class=\"component link\"><a href=\"#our-staff-members\" class=\" btn btn-link\">Nuestro personal<\/a><\/div><\/li><li><div class=\"component link\"><a href=\"#current-vacancies\" class=\" btn btn-link\">Ofertas Actuales<\/a><\/div><\/li>              <\/ul>\n                            <\/div>\n                    <\/div>  <\/div>\n            <\/div> <\/div>\n             <\/div>\n        <\/div>\n<\/section>\n            <\/div>[\/vc_column][\/vc_row][vc_row][vc_column]<section  id=\"how-to-apply\"  style='background-color:#f2f2f2;' class=\"section  tertiary-color section--white   \"><div class=\"container-fluid\"><div class=\"row m-0 align-items-center centerText \" >\n                        <div class=\"col-sm-12 col-md-10 col-lg-9 mx-auto\"><div class=\"sub-heading component\">\n                                        <h2 class=\"h5\">C\u00f3mo presentar tu candidatura<\/h2>\n                                    <\/div><div class=\"sub-heading component\"><p>Para solicitar una vacante, haz clic en el siguiente enlace.<\/p>\n<\/div><div class=\"component link\"><a href=\"https:\/\/cognitapeople.csod.com\/ux\/ats\/careersite\/1\/home?c=cognitapeople&country=es\" class=\" btn btn-link\" target=\"_blank\">Vacantes en Cognita Spain<\/a><\/div><div class=\"flex-button\"><\/div><style>\n                        .flex-button {\n                        margin-top: 25px;\n                    } \n                        \n                    @media (max-width: 767px){\n                     .flex-button {\n                      display: block;\n                      margin-left: 0;\n                    }\n                    .flex-button .text-center{\n                     text-align: left !important;\n                    }\n                    }\n\n\n                        <\/style><\/div><\/div><\/section>\n            <div class=\"wrapper\">\n    <section  id=\"about-us\"  style='' class=\"section    container-width    \" ><div class=\"container-fluid\"><div class=\"row    \"><div class=\" col-lg-6 col-md-6      \" ><div class=\"component mb-1 mt-0  radius-bottom-LR \" style='px'><div class=\"sub-heading component\"><h2  class=\"h6  \">Sobre BSB<\/h2><\/div>\n                        <div class=\"sub-heading component \">\n                        <p class=\"body-medium\">The British School of Barcelona es un prestigioso colegio con campus situados en ubicaciones de primer nivel. El colegio est\u00e1 acreditado como uno de los mejores Colegios Brit\u00e1nicos del mundo gracias a una reciente inspecci\u00f3n como Colegio Brit\u00e1nico en el Extranjero (British Schools Overseas o BSO, en sus siglas inglesas), donde BSB obtuvo la clasificaci\u00f3n de excelente en todas las categor\u00edas.<br \/>\n<br \/>\nBSB es un colegio reconocido y con renombre para estudiantes de tres a dieciocho a\u00f1os. Cerca de dos mil j\u00f3venes de m\u00e1s de setenta nacionalidades diferentes asisten a nuestro colegio y contamos con una plantilla de m\u00e1s de 300 profesionales. Nuestro plan de estudios se basa en el Curr\u00edculo Nacional Ingl\u00e9s y ofrecemos las opciones de cursar GCSE, A Level y el Programa del Diploma de Bachillerato Internacional (IBDP) junto a un importante programa de enriquecimiento.<\/p>\n                        <\/div><\/div><\/div>\n                    <div class=\"col-lg-6 col-md-6    \"><div class=\"component single-img \"><div class=\"ratio ratio-4x3 callout-img halfcol--img image_overlay_3268\" style=\"background-image: url(https:\/\/www.britishschoolbarcelona.com\/wp-content\/uploads\/sites\/76\/2023\/01\/SH_9914.jpg);\"><\/div><\/div> <\/div>\n             <\/div>\n        <\/div>\n<\/section>\n            <\/div>\n            <div class=\"wrapper\">\n    <section  style='' class=\"section    container-width pt-0   \" ><div class=\"container-fluid\"><div class=\"row    \"><div class=\" col-lg-6 col-md-6      \" ><div class=\"component link\"><div class=\"ratio ratio-4x3 callout-img halfcol--img image_overlay_4751\" style=\"background-image: url(https:\/\/www.britishschoolbarcelona.com\/wp-content\/uploads\/sites\/76\/2023\/01\/SH_5365-1-e1674810782326.jpg);\"><\/div><\/div><\/div>\n                    <div class=\"col-lg-6 col-md-6    \"><div class=\"component mb-1 mt-0  radius-bottom-LR \" style='px'>\n                        <div class=\"sub-heading component \">\n                        <p class=\"body-medium\">Barcelona es una de las ciudades m\u00e1s vibrantes y rebosantes de cultura del mundo. Nuestro colegio cuenta con cuatro campus situados en el \u00e1rea de Barcelona. Los campus BSB City (Campus Luc\u00e0 y Campus Esperan\u00e7a) se encuentran en el distrito de Sarri\u00e0-Sant Gervasi de la Ciudad Condal, mientras que BSB Castelldefels y BSB Sitges, en las afueras de la ciudad, est\u00e1n a apenas unos minutos de hermos\u00edsimas playas y cuentan con una excelente conexi\u00f3n por transporte p\u00fablico.<br \/>\n<br \/>\nGracias a una inversi\u00f3n significativa en los \u00faltimos a\u00f1os, hemos inaugurado un centro de Bachillerato (BSB Nexus), un sal\u00f3n de actos, laboratorios de ciencias nuevos, un completo campo de rugby y f\u00fatbol con superficie 4G y el modern\u00edsimo BSB STEAM Centre, nuestra incorporaci\u00f3n m\u00e1s reciente.<br \/>\n<br \/>\n<b>Para m\u00e1s informaci\u00f3n, no dudes en explorar el resto de nuestra p\u00e1gina web.<\/b><\/p>\n                        <\/div><\/div> <\/div>\n             <\/div>\n        <\/div>\n<\/section>\n            <\/div>\n    <section  id=\"our-staff-members\"  style='background-color:#00247d;' class=\"section  secondary-color section--blue     \" ><div class=\"container-fluid\"><div class=\"row    \"><div class=\" col-lg-6 col-md-6      \" ><div class=\"component mb-1 mt-0  radius-bottom-LR \" style='px'><div class=\"sub-heading component\"><h2  class=\"h6  \">Nuestro personal<\/h2><\/div>\n                        <div class=\"sub-heading component \">\n                        <p class=\"body-medium\">Nuestra meta es atraer al mejor personal docente y auxiliar para crear y mantener nuestra buena reputaci\u00f3n como un centro de ense\u00f1anza excelente.<br \/>\n<br \/>\nBuscamos en especial a docentes capaces de reconocer la diversidad del alumnado, basar su ense\u00f1anza en una perspectiva multicultural y observar los m\u00e1s altos est\u00e1ndares profesionales.<br \/>\n<br \/>\nTodos los puestos comportan salarios competitivos, plazas en BSB para sus hijos\/as y otros beneficios locales. Ofrecemos asimismo una completa introducci\u00f3n y ayuda para asentarse en Barcelona.<\/p>\n                        <\/div><\/div><\/div>\n                    <div class=\"col-lg-6 col-md-6    \"><div class=\"component single-img \"><div class=\"ratio ratio-4x3 callout-img halfcol--img image_overlay_4164\" style=\"background-image: url(https:\/\/www.britishschoolbarcelona.com\/wp-content\/uploads\/sites\/76\/2023\/01\/SH_1992.jpg);\"><\/div><\/div> <\/div>\n             <\/div>\n        <\/div>\n<\/section>[\/vc_column][\/vc_row][vc_row][vc_column]<section class=\"section section--blue bottom-step TopBottomBorder   \" style=\"background-image: url('https:\/\/www.britishschoolbarcelona.com\/wp-content\/uploads\/sites\/76\/2023\/01\/SH_7494-e1676455447957.jpg');;;\"><style>.bottom-step.section--blue:before {background: rgba(0,0,0,0.4);}<\/style><div class=\"container-fluid\"><div class=\"row\"><div class=\"col-sm-12\"><div class=\"component title\"><p class=\"body-small\">Pr\u00f3ximos pasos<\/p><\/div><\/div><\/div><div class=\"row\"><div class=\"col-md-4\"><div class=\"component linkcard \">\n                                <a class=\"card card--bordered\" href=\"\/es\/puertas-abiertas-y-visitas\/\">\n                                    <div class=\"card-body d-flex align-items-center\">\n                                    <div> <div class=\"component link\">\n                                            <div  class=\"btn btn-link simple-link h5\">Puertas Abiertas y Visitas<\/div>\n                                        <\/div><\/div><\/div><\/a><\/div><\/div><div class=\"col-md-4\"><div class=\"component linkcard \">\n                                <a class=\"card card--bordered\" href=\"\/es\/instalaciones-y-ubicacion\/\">\n                                    <div class=\"card-body d-flex align-items-center\">\n                                    <div> <div class=\"component link\">\n                                            <div  class=\"btn btn-link simple-link h5\">Instalaciones y Ubicaci\u00f3n<\/div>\n                                        <\/div><\/div><\/div><\/a><\/div><\/div><div class=\"col-md-4\"><div class=\"component linkcard \">\n                                <a class=\"card card--bordered\" href=\"\/es\/excelencia-academica\/\">\n                                    <div class=\"card-body d-flex align-items-center\">\n                                    <div> <div class=\"component link\">\n                                            <div  class=\"btn btn-link simple-link h5\">Excelencia Acad\u00e9mica<\/div>\n                                        <\/div><\/div><\/div><\/a><\/div><\/div><\/div><\/section>[\/vc_column][\/vc_row]<\/p>\n<\/div>","protected":false},"excerpt":{"rendered":"<p>[vc_row][vc_column][\/vc_column][\/vc_row][vc_row][vc_column][\/vc_column][\/vc_row][vc_row][vc_column][\/vc_column][\/vc_row][vc_row][vc_column][\/vc_column][\/vc_row]<\/p>\n","protected":false},"author":390,"featured_media":0,"parent":0,"menu_order":0,"comment_status":"closed","ping_status":"closed","template":"","meta":{"_acf_changed":false,"footnotes":""},"class_list":["post-8038","page","type-page","status-publish","hentry"],"acf":[],"yoast_head":"<!-- This site is optimized with the Yoast SEO plugin v26.5 - https:\/\/yoast.com\/wordpress\/plugins\/seo\/ -->\n<title>Vacantes para ser parte de nuestro equipo - BSB<\/title>\n<meta name=\"description\" content=\"Explora las oportunidades de trabajo que ofrecemos en BSB y avanza tu carrera profesional. \u00danete a nuestro equipo de docentes apasionados por la educaci\u00f3n.\" \/>\n<meta name=\"robots\" content=\"index, follow, max-snippet:-1, max-image-preview:large, max-video-preview:-1\" \/>\n<link rel=\"canonical\" href=\"https:\/\/www.britishschoolbarcelona.com\/es\/trabaja-en-bsb\/\" \/>\n<meta property=\"og:locale\" content=\"es_ES\" \/>\n<meta property=\"og:type\" content=\"article\" \/>\n<meta property=\"og:title\" content=\"Vacantes para ser parte de nuestro equipo - BSB\" \/>\n<meta property=\"og:description\" content=\"Explora las oportunidades de trabajo que ofrecemos en BSB y avanza tu carrera profesional. \u00danete a nuestro equipo de docentes apasionados por la educaci\u00f3n.\" \/>\n<meta property=\"og:url\" content=\"https:\/\/www.britishschoolbarcelona.com\/es\/trabaja-en-bsb\/\" \/>\n<meta property=\"og:site_name\" content=\"British School of Barcelona\" \/>\n<meta property=\"article:publisher\" content=\"https:\/\/www.facebook.com\/britishschoolbarcelonacastelldefels\/\" \/>\n<meta property=\"article:modified_time\" content=\"2025-09-26T09:55:27+00:00\" \/>\n<meta property=\"og:image\" content=\"https:\/\/www.britishschoolbarcelona.com\/wp-content\/uploads\/sites\/76\/2024\/06\/bsb-web-imagen-destacada.jpg\" \/>\n\t<meta property=\"og:image:width\" content=\"1200\" \/>\n\t<meta property=\"og:image:height\" content=\"675\" \/>\n\t<meta property=\"og:image:type\" content=\"image\/jpeg\" \/>\n<meta name=\"twitter:card\" content=\"summary_large_image\" \/>\n<meta name=\"twitter:site\" content=\"@BSB_Barcelona\" \/>\n<meta name=\"twitter:label1\" content=\"Tiempo de lectura\" \/>\n\t<meta name=\"twitter:data1\" content=\"2 minutos\" \/>\n<!-- \/ Yoast SEO plugin. -->","yoast_head_json":{"title":"Vacantes para ser parte de nuestro equipo - BSB","description":"Explora las oportunidades de trabajo que ofrecemos en BSB y avanza tu carrera profesional. \u00danete a nuestro equipo de docentes apasionados por la educaci\u00f3n.","robots":{"index":"index","follow":"follow","max-snippet":"max-snippet:-1","max-image-preview":"max-image-preview:large","max-video-preview":"max-video-preview:-1"},"canonical":"https:\/\/www.britishschoolbarcelona.com\/es\/trabaja-en-bsb\/","og_locale":"es_ES","og_type":"article","og_title":"Vacantes para ser parte de nuestro equipo - BSB","og_description":"Explora las oportunidades de trabajo que ofrecemos en BSB y avanza tu carrera profesional. \u00danete a nuestro equipo de docentes apasionados por la educaci\u00f3n.","og_url":"https:\/\/www.britishschoolbarcelona.com\/es\/trabaja-en-bsb\/","og_site_name":"British School of Barcelona","article_publisher":"https:\/\/www.facebook.com\/britishschoolbarcelonacastelldefels\/","article_modified_time":"2025-09-26T09:55:27+00:00","og_image":[{"width":1200,"height":675,"url":"https:\/\/www.britishschoolbarcelona.com\/wp-content\/uploads\/sites\/76\/2024\/06\/bsb-web-imagen-destacada.jpg","type":"image\/jpeg"}],"twitter_card":"summary_large_image","twitter_site":"@BSB_Barcelona","twitter_misc":{"Tiempo de lectura":"2 minutos"},"schema":{"@context":"https:\/\/schema.org","@graph":[{"@type":"WebPage","@id":"https:\/\/www.britishschoolbarcelona.com\/es\/trabaja-en-bsb\/","url":"https:\/\/www.britishschoolbarcelona.com\/es\/trabaja-en-bsb\/","name":"Vacantes para ser parte de nuestro equipo - BSB","isPartOf":{"@id":"https:\/\/www.britishschoolbarcelona.com\/es\/#website"},"datePublished":"2021-10-18T11:08:00+00:00","dateModified":"2025-09-26T09:55:27+00:00","description":"Explora las oportunidades de trabajo que ofrecemos en BSB y avanza tu carrera profesional. \u00danete a nuestro equipo de docentes apasionados por la educaci\u00f3n.","breadcrumb":{"@id":"https:\/\/www.britishschoolbarcelona.com\/es\/trabaja-en-bsb\/#breadcrumb"},"inLanguage":"es","potentialAction":[{"@type":"ReadAction","target":["https:\/\/www.britishschoolbarcelona.com\/es\/trabaja-en-bsb\/"]}]},{"@type":"BreadcrumbList","@id":"https:\/\/www.britishschoolbarcelona.com\/es\/trabaja-en-bsb\/#breadcrumb","itemListElement":[{"@type":"ListItem","position":1,"name":"Home","item":"https:\/\/www.britishschoolbarcelona.com\/es\/"},{"@type":"ListItem","position":2,"name":"Trabaja en BSB"}]},{"@type":"WebSite","@id":"https:\/\/www.britishschoolbarcelona.com\/es\/#website","url":"https:\/\/www.britishschoolbarcelona.com\/es\/","name":"British School of Barcelona","description":"The British School of Barcelona is a private international school in Barcelona, Spain. We deliver the British curriculum &amp; IB. Visit us!","publisher":{"@id":"https:\/\/www.britishschoolbarcelona.com\/es\/#organization"},"alternateName":"BSB","potentialAction":[{"@type":"SearchAction","target":{"@type":"EntryPoint","urlTemplate":"https:\/\/www.britishschoolbarcelona.com\/es\/?s={search_term_string}"},"query-input":{"@type":"PropertyValueSpecification","valueRequired":true,"valueName":"search_term_string"}}],"inLanguage":"es"},{"@type":"Organization","@id":"https:\/\/www.britishschoolbarcelona.com\/es\/#organization","name":"The British School of Barcelona","alternateName":"BSB","url":"https:\/\/www.britishschoolbarcelona.com\/es\/","logo":{"@type":"ImageObject","inLanguage":"es","@id":"https:\/\/www.britishschoolbarcelona.com\/es\/#\/schema\/logo\/image\/","url":"https:\/\/www.britishschoolbarcelona.com\/wp-content\/uploads\/sites\/76\/2023\/01\/BSB-logo.png","contentUrl":"https:\/\/www.britishschoolbarcelona.com\/wp-content\/uploads\/sites\/76\/2023\/01\/BSB-logo.png","width":1920,"height":1357,"caption":"The British School of Barcelona"},"image":{"@id":"https:\/\/www.britishschoolbarcelona.com\/es\/#\/schema\/logo\/image\/"},"sameAs":["https:\/\/www.facebook.com\/britishschoolbarcelonacastelldefels\/","https:\/\/x.com\/BSB_Barcelona","https:\/\/www.instagram.com\/britishschoolbarcelona\/","https:\/\/www.youtube.com\/channel\/UC-Cc996mIB8CwmapwNYQKvg","https:\/\/es.linkedin.com\/school\/british-school-of-barcelona\/"]}]}},"jetpack_sharing_enabled":true,"_links":{"self":[{"href":"https:\/\/www.britishschoolbarcelona.com\/es\/wp-json\/wp\/v2\/pages\/8038","targetHints":{"allow":["GET"]}}],"collection":[{"href":"https:\/\/www.britishschoolbarcelona.com\/es\/wp-json\/wp\/v2\/pages"}],"about":[{"href":"https:\/\/www.britishschoolbarcelona.com\/es\/wp-json\/wp\/v2\/types\/page"}],"author":[{"embeddable":true,"href":"https:\/\/www.britishschoolbarcelona.com\/es\/wp-json\/wp\/v2\/users\/390"}],"replies":[{"embeddable":true,"href":"https:\/\/www.britishschoolbarcelona.com\/es\/wp-json\/wp\/v2\/comments?post=8038"}],"version-history":[{"count":83,"href":"https:\/\/www.britishschoolbarcelona.com\/es\/wp-json\/wp\/v2\/pages\/8038\/revisions"}],"predecessor-version":[{"id":74947,"href":"https:\/\/www.britishschoolbarcelona.com\/es\/wp-json\/wp\/v2\/pages\/8038\/revisions\/74947"}],"wp:attachment":[{"href":"https:\/\/www.britishschoolbarcelona.com\/es\/wp-json\/wp\/v2\/media?parent=8038"}],"curies":[{"name":"wp","href":"https:\/\/api.w.org\/{rel}","templated":true}]}}